{"id":1494,"date":"2023-10-24T16:49:01","date_gmt":"2023-10-24T16:49:01","guid":{"rendered":"http:\/\/bethlehem.i72dev.com\/?page_id=1494"},"modified":"2026-03-04T11:23:27","modified_gmt":"2026-03-04T16:23:27","slug":"palestine-museum-of-natural-history","status":"publish","type":"page","link":"https:\/\/bufusa.org\/de\/palestine-museum-of-natural-history\/","title":{"rendered":"Pal\u00e4stina-Museum f\u00fcr Naturgeschichte"},"content":{"rendered":"<div id=\"block_fe2350f39bd70216c0a24e3b2533b668\" class=\"background container--vertical background-color--none bb-backgroundLtBlue page-width\">\r\n\t\t<!-- Image Error (Could not load $image) -->\t\t<div class=\"background__inner-container\">\r\n\t\t\t\n\r\n\r\n\t<div id=\"block_6b05c061fe9dea3cb01bf42dd1d758a5\" class=\"split container--horizontal split-size--50 background-color--0061AA bb-backgroundLtBlue page-width vertical-align--top\">\r\n\t\t<!-- Image Error (Could not load $image) -->\t\t<div class=\"split__inner-container\">\r\n\t\t\t\n\r\n<div id=\"block_5312d9167383d07727549fb5990d7c46\" class=\"image page-width\">\r\n\t<div class=\"i72-image cover\" role=\"img\" title=\"10 year logo - final\" aria-label=\"\" data-srcset=\"https:\/\/bufusa.org\/wp-content\/uploads\/2024\/04\/10-year-logo-final-1.jpeg 3000w 3000h,https:\/\/bufusa.org\/wp-content\/uploads\/2024\/04\/10-year-logo-final-1-300x251.jpeg 300w 251h,https:\/\/bufusa.org\/wp-content\/uploads\/2024\/04\/10-year-logo-final-1-768x644.jpeg 768w 644h,https:\/\/bufusa.org\/wp-content\/uploads\/2024\/04\/10-year-logo-final-1-1024x858.jpeg 1024w 858h,https:\/\/bufusa.org\/wp-content\/uploads\/2024\/04\/10-year-logo-final-1-1536x1287.jpeg 1536w 1287h,https:\/\/bufusa.org\/wp-content\/uploads\/2024\/04\/10-year-logo-final-1.jpeg 1600w 1341h,https:\/\/bufusa.org\/wp-content\/uploads\/2024\/04\/10-year-logo-final-1-14x12.jpeg 14w 12h,https:\/\/bufusa.org\/wp-content\/uploads\/2024\/04\/10-year-logo-final-1-150x126.jpeg 150w 126h,https:\/\/bufusa.org\/wp-content\/uploads\/2024\/04\/10-year-logo-final-1-1280x1073.jpeg 1280w 1073h,https:\/\/bufusa.org\/wp-content\/uploads\/2024\/04\/10-year-logo-final-1.jpeg 1600w 1341h\" data-original-width=\"1600\" data-original-height=\"1341\"><\/div><\/div>\n\n\r\n<div id=\"block_c01e41bb4a4812fd72793b7334a932dc\" class=\"wysiwyg page-width\"><h5><\/h5>\n<h5>Celebrating 10 Years<\/h5>\n<p style=\"text-align: left\">The <a href=\"https:\/\/www.palestinenature.org\/?fbclid=IwAR3AG1-K1zwGEmMSBPbh2HW5vScFEU3isjPqDADuI1NzAwqbiIJMImCRDwQ_aem_AW596T0JkChTZpF9chhJuQyXyCEQVrko0iYwOM6ly4SpVOaVXJNFyRS8SZxD28qRS6-REX7dRPiyn-TZ-M13NhsN\">Palestine Institute for Biodiversity and Sustainability (PIBS) and the Palestine Museum of Natural History (PMNH)<\/a> were established April 19, 2014 to research, educate, and conserve Palestine\u2019s natural world, culture, and heritage.<\/p>\n<p style=\"text-align: left\">PIBS was founded by Prof. Mazin Qumsiyeh and Jessie Chang Qumsiyeh with the support of Bethlehem University. The PMNH was later opened in 2017, the Ethnography Exhibit in 2019, and the Biodiversity Center in 2021.<\/p>\n<ol>\n<li><a href=\"https:\/\/www.palestinenature.org\/annual-reports\/10-Years-PIBS.pdf\">Read the 10-Year Anniversary Report<\/a><\/li>\n<li><a href=\"https:\/\/www.bethlehem.edu\/degrees\/tech-enviornmental-sustainability\/#\">Learn about New Bachelor Degree in Technology for Environmental Sustainability<\/a><\/li>\n<li><a href=\"https:\/\/www.palestinenature.org\/botanical-garden\/\">View the Botanical Garden<\/a><\/li>\n<\/ol>\n<p>&nbsp;<\/p>\n<\/div>\n\n\r\n\r\n\t<div id=\"block_02985ee2e0645d0962e04fe436caaf57\" class=\"row row--default container--horizontal row-break--4 background-color--none page-width vertical-align--top\">\r\n\t\t<!-- Image Error (Could not load $image) -->\t\t<div class=\"row__inner-container\">\r\n\t\t\t\n\r\n<div id=\"block_846f007d371b8f1cae02c711ed809d62\" class=\"link-button align-left page-width\">\r\n\t<a class=\"button button-color--yellow\" href=\"https:\/\/www.facebook.com\/PIBS.PMNH\" target=\"_blank\" aria-label=\"Link to: Follow PIBS News on FB\">Follow PIBS News on FB<\/a>\r\n<\/div>\n\n\r\n<div id=\"block_859b48ba013c3467238493262ead7869\" class=\"link-button align-left page-width\">\r\n\t<a class=\"button button-color--yellow\" href=\"https:\/\/bufusa.donorsupport.co\/-\/XURYKJBL\" target=\"_blank\" aria-label=\"Link to: Donate to the PIBS\/PMNH\">Donate to the PIBS\/PMNH<\/a>\r\n<\/div>\n\r\n\t\t<\/div>\r\n\t\t\t<\/div>\r\n\r\n\n\r\n\t\t<\/div>\r\n\t<\/div>\r\n\r\n\n\r\n\t\t<\/div>\r\n\t<\/div>\r\n\r\n\n\n\r\n\r\n\t<div id=\"block_02985ee2e0645d0962e04fe436caaf57\" class=\"row row--default container--horizontal row-break--4 background-color--none page-width vertical-align--top\">\r\n\t\t<!-- Image Error (Could not load $image) -->\t\t<div class=\"row__inner-container\">\r\n\t\t\t\n\r\n<div id=\"block_9dc250f0150eb6d1fd3faef201748498\" class=\"video page-width\">\r\n\t<a href=\"javascript:;\" class=\"play-video\" aria-label=\"Klicken Sie hier, um das Video abzuspielen\"><\/a>\r\n\t\t\t<iframe loading=\"lazy\" width=\"640\" height=\"360\" src=\"https:\/\/www.youtube.com\/embed\/qt8OTGoS198\" title=\"YouTube-Videoplayer\" frameborder=\"0\" allow=\"accelerometer; autoplay; clipboard-write; encrypted-media; gyroscope; picture-in-picture\" allowfullscreen><\/iframe>\r\n\t<\/div>\n\r\n\t\t<\/div>\r\n\t\t\t<\/div>\r\n\r\n\n\n\r\n\r\n\t<div id=\"block_8414491836735c9e2fbd589694ff3c60\" class=\"row row--default container--horizontal row-break--3 background-color--none page-width vertical-align--top\">\r\n\t\t<!-- Image Error (Could not load $image) -->\t\t<div class=\"row__inner-container\">\r\n\t\t\t\n\r\n<div id=\"block_bef89d0d1c304e4f674b05dd9ff3f157\" class=\"card card--anchor card-color--0061AA align-left page-width\">\r\n\t\t\t<a href=\"https:\/\/www.palestinenature.org\/volunteer\/\" target=\"_blank\" aria-label=\"Link to: Get Involved.\"><\/a>\r\n\t\t<div class=\"i72-image cover\" role=\"img\" title=\"2017_03_02_Palestinian-Museum-Of-Natural-History26\" aria-label=\"\" data-srcset=\"https:\/\/bufusa.org\/wp-content\/uploads\/2024\/04\/2017_03_02_Palestinian-Museum-Of-Natural-History26-scaled.jpg 3000w 3000h,https:\/\/bufusa.org\/wp-content\/uploads\/2024\/04\/2017_03_02_Palestinian-Museum-Of-Natural-History26-300x198.jpg 300w 198h,https:\/\/bufusa.org\/wp-content\/uploads\/2024\/04\/2017_03_02_Palestinian-Museum-Of-Natural-History26-768x508.jpg 768w 508h,https:\/\/bufusa.org\/wp-content\/uploads\/2024\/04\/2017_03_02_Palestinian-Museum-Of-Natural-History26-1024x677.jpg 1024w 677h,https:\/\/bufusa.org\/wp-content\/uploads\/2024\/04\/2017_03_02_Palestinian-Museum-Of-Natural-History26-1536x1016.jpg 1536w 1016h,https:\/\/bufusa.org\/wp-content\/uploads\/2024\/04\/2017_03_02_Palestinian-Museum-Of-Natural-History26-2048x1354.jpg 2048w 1354h,https:\/\/bufusa.org\/wp-content\/uploads\/2024\/04\/2017_03_02_Palestinian-Museum-Of-Natural-History26-18x12.jpg 18w 12h,https:\/\/bufusa.org\/wp-content\/uploads\/2024\/04\/2017_03_02_Palestinian-Museum-Of-Natural-History26-150x99.jpg 150w 99h,https:\/\/bufusa.org\/wp-content\/uploads\/2024\/04\/2017_03_02_Palestinian-Museum-Of-Natural-History26-1280x846.jpg 1280w 846h,https:\/\/bufusa.org\/wp-content\/uploads\/2024\/04\/2017_03_02_Palestinian-Museum-Of-Natural-History26-2560x1693.jpg 2560w 1693h\" data-original-width=\"2560\" data-original-height=\"1693\"><\/div>\t<div class=\"card__inner-container\">\r\n\t\t\t\t\t\t\t<h2 class=\"card__title\">Get Involved.<\/h2>\r\n\t\t\t\t\t\t\t<div class=\"card__text\"><p>PIBS\/PMNH relies on volunteers. <a href=\"https:\/\/www.palestinenature.org\/volunteer\/\">Learn More . . .\u00a0<\/a><\/p>\n<\/div>\r\n\t\t\t\t\t<\/div>\r\n<\/div>\n\n\r\n<div id=\"block_092b0f0cc2065153e491d85ce9de5aef\" class=\"wysiwyg page-width\"><p><a href=\"#XEKJVUBL\"><\/a><\/p>\n<\/div>\n\r\n\t\t<\/div>\r\n\t\t\t<\/div>\r\n\r\n\n\n\n<div style=\"height:30px\" aria-hidden=\"true\" class=\"wp-block-spacer\"><\/div>\n\n\n\r\n\r\n\t<div id=\"block_02985ee2e0645d0962e04fe436caaf57\" class=\"row row--default container--horizontal row-break--4 background-color--none page-width vertical-align--top\">\r\n\t\t<!-- Image Error (Could not load $image) -->\t\t<div class=\"row__inner-container\">\r\n\t\t\t\n\r\n<div id=\"block_48e47cf36b8c41bf111ad5aa27278da7\" class=\"card card--anchor card-color--F5F6F7 align-left page-width\">\r\n\t\t\t<a href=\"https:\/\/www.palestinenature.org\/education\/\" target=\"_blank\" aria-label=\"Link to: Educational Activities\"><\/a>\r\n\t\t<div class=\"i72-image cover\" role=\"img\" title=\"Bildungsaktivit\u00e4ten PMNH\" aria-label=\"\" data-srcset=\"https:\/\/bufusa.org\/wp-content\/uploads\/2023\/12\/educational-activites-pmnh.jpeg 3000w 3000h,https:\/\/bufusa.org\/wp-content\/uploads\/2023\/12\/educational-activites-pmnh-300x200.jpeg 300w 200h,https:\/\/bufusa.org\/wp-content\/uploads\/2023\/12\/educational-activites-pmnh-768x512.jpeg 768w 512h,https:\/\/bufusa.org\/wp-content\/uploads\/2023\/12\/educational-activites-pmnh-1024x683.jpeg 1024w 683h,https:\/\/bufusa.org\/wp-content\/uploads\/2023\/12\/educational-activites-pmnh-1536x1024.jpeg 1536w 1024h,https:\/\/bufusa.org\/wp-content\/uploads\/2023\/12\/educational-activites-pmnh.jpeg 2048w 1365h,https:\/\/bufusa.org\/wp-content\/uploads\/2023\/12\/educational-activites-pmnh-18x12.jpeg 18w 12h,https:\/\/bufusa.org\/wp-content\/uploads\/2023\/12\/educational-activites-pmnh-150x100.jpeg 150w 100h,https:\/\/bufusa.org\/wp-content\/uploads\/2023\/12\/educational-activites-pmnh-1280x853.jpeg 1280w 853h,https:\/\/bufusa.org\/wp-content\/uploads\/2023\/12\/educational-activites-pmnh.jpeg 2048w 1365h\" data-original-width=\"2048\" data-original-height=\"1365\"><\/div>\t<div class=\"card__inner-container\">\r\n\t\t\t\t\t\t\t<h2 class=\"card__title\">Bildungsaktivit\u00e4ten<\/h2>\r\n\t\t\t\t\t\t\t<div class=\"card__text\"><p>Sechs auf Kindergruppen zugeschnittene Aktivit\u00e4ten, die das Bewusstsein sch\u00e4rfen und die Jugend st\u00e4rken. Einf\u00fchrung interaktiver Bildungsmodule, wie z. B. eines Umweltspiels \u201eSchlangen und Leitern\u201c.<\/p>\n<\/div>\r\n\t\t\t\t\t<\/div>\r\n<\/div>\n\n\r\n<div id=\"block_405f2fa521ac472ab391de9b9a1a547b\" class=\"card card--anchor card-color--F5F6F7 align-left page-width\">\r\n\t\t\t<a link-error=\"Link not found\"><\/a>\r\n\t\t<div class=\"i72-image cover\" role=\"img\" title=\"mobiles-museum-1-1200x600\" aria-label=\"\" data-srcset=\"https:\/\/bufusa.org\/wp-content\/uploads\/2023\/12\/mobile-museum-1-1200x600-1.jpeg 3000w 3000h,https:\/\/bufusa.org\/wp-content\/uploads\/2023\/12\/mobile-museum-1-1200x600-1-300x150.jpeg 300w 150h,https:\/\/bufusa.org\/wp-content\/uploads\/2023\/12\/mobile-museum-1-1200x600-1-768x384.jpeg 768w 384h,https:\/\/bufusa.org\/wp-content\/uploads\/2023\/12\/mobile-museum-1-1200x600-1-1024x512.jpeg 1024w 512h,https:\/\/bufusa.org\/wp-content\/uploads\/2023\/12\/mobile-museum-1-1200x600-1.jpeg 1200w 600h,https:\/\/bufusa.org\/wp-content\/uploads\/2023\/12\/mobile-museum-1-1200x600-1.jpeg 1200w 600h,https:\/\/bufusa.org\/wp-content\/uploads\/2023\/12\/mobile-museum-1-1200x600-1-18x9.jpeg 18w 9h,https:\/\/bufusa.org\/wp-content\/uploads\/2023\/12\/mobile-museum-1-1200x600-1-150x75.jpeg 150w 75h,https:\/\/bufusa.org\/wp-content\/uploads\/2023\/12\/mobile-museum-1-1200x600-1.jpeg 1200w 600h,https:\/\/bufusa.org\/wp-content\/uploads\/2023\/12\/mobile-museum-1-1200x600-1.jpeg 1200w 600h\" data-original-width=\"1200\" data-original-height=\"600\"><\/div>\t<div class=\"card__inner-container\">\r\n\t\t\t\t\t\t\t<h2 class=\"card__title\">Mobile Education<\/h2>\r\n\t\t\t\t\t\t\t<div class=\"card__text\"><p style=\"text-align: left\">Ein von der EU finanziertes mobiles Museum, das marginalisierten Gemeinschaften Bildung bietet. Am 10. Mai 2022 ins Leben gerufen, um den Zugang zu Bildung zu f\u00f6rdern. Besuchte im Jahr 2022 14 Schulen in den Gouvernements Bethlehem und Hebron und plant, im Jahr 2023 weitere 33 zu besuchen.<\/p>\n<\/div>\r\n\t\t\t\t\t<\/div>\r\n<\/div>\n\r\n\t\t<\/div>\r\n\t\t\t<\/div>\r\n\r\n\n\n\r\n\r\n\t<div id=\"block_02985ee2e0645d0962e04fe436caaf57\" class=\"row row--default container--horizontal row-break--4 background-color--none page-width vertical-align--top\">\r\n\t\t<!-- Image Error (Could not load $image) -->\t\t<div class=\"row__inner-container\">\r\n\t\t\t\n\r\n<div id=\"block_913060a6fe515657605b4c5fc5356cc6\" class=\"card card--anchor card-color--0061AA align-left page-width\">\r\n\t\t\t<a href=\"https:\/\/www.palestinenature.org\/conservation\/\" target=\"_blank\" aria-label=\"Link to: Conservation and Research\"><\/a>\r\n\t\t<div class=\"i72-image cover\" role=\"img\" title=\"Naturschutz und Forschung\" aria-label=\"\" data-srcset=\"https:\/\/bufusa.org\/wp-content\/uploads\/2023\/12\/conservation-and-research-.jpeg 3000w 3000h,https:\/\/bufusa.org\/wp-content\/uploads\/2023\/12\/conservation-and-research--300x200.jpeg 300w 200h,https:\/\/bufusa.org\/wp-content\/uploads\/2023\/12\/conservation-and-research--768x512.jpeg 768w 512h,https:\/\/bufusa.org\/wp-content\/uploads\/2023\/12\/conservation-and-research--1024x683.jpeg 1024w 683h,https:\/\/bufusa.org\/wp-content\/uploads\/2023\/12\/conservation-and-research--1536x1025.jpeg 1536w 1025h,https:\/\/bufusa.org\/wp-content\/uploads\/2023\/12\/conservation-and-research-.jpeg 2048w 1366h,https:\/\/bufusa.org\/wp-content\/uploads\/2023\/12\/conservation-and-research--18x12.jpeg 18w 12h,https:\/\/bufusa.org\/wp-content\/uploads\/2023\/12\/conservation-and-research--150x100.jpeg 150w 100h,https:\/\/bufusa.org\/wp-content\/uploads\/2023\/12\/conservation-and-research--1280x854.jpeg 1280w 854h,https:\/\/bufusa.org\/wp-content\/uploads\/2023\/12\/conservation-and-research-.jpeg 2048w 1366h\" data-original-width=\"2048\" data-original-height=\"1366\"><\/div>\t<div class=\"card__inner-container\">\r\n\t\t\t\t\t\t\t<h2 class=\"card__title\">Konservierung und Forschung<\/h2>\r\n\t\t\t\t\t\t\t<div class=\"card__text\"><p>Kontinuierliche Arbeit zur Erweiterung von Wissen und Forschung mit Feldforschung in ganz Pal\u00e4stina. Der Schwerpunkt liegt auf der Fauna, Flora und molekularen Arbeit von Wirbellosen und Wirbeltieren. Ausbau des Herbariums und Engagement in der Alliance of Nature Positive Universities.<\/p>\n<\/div>\r\n\t\t\t\t\t<\/div>\r\n<\/div>\n\n\r\n<div id=\"block_1acb12eb48a783584a462b53b4fb3bd8\" class=\"card card--anchor card-color--0061AA align-left page-width\">\r\n\t\t\t<a link-error=\"Link not found\"><\/a>\r\n\t\t<div class=\"i72-image cover\" role=\"img\" title=\"Gemeinschaftsgarten pmnh\" aria-label=\"\" data-srcset=\"https:\/\/bufusa.org\/wp-content\/uploads\/2023\/12\/community-garden-pmnh.jpeg 3000w 3000h,https:\/\/bufusa.org\/wp-content\/uploads\/2023\/12\/community-garden-pmnh-300x200.jpeg 300w 200h,https:\/\/bufusa.org\/wp-content\/uploads\/2023\/12\/community-garden-pmnh-768x512.jpeg 768w 512h,https:\/\/bufusa.org\/wp-content\/uploads\/2023\/12\/community-garden-pmnh-1024x683.jpeg 1024w 683h,https:\/\/bufusa.org\/wp-content\/uploads\/2023\/12\/community-garden-pmnh-1536x1024.jpeg 1536w 1024h,https:\/\/bufusa.org\/wp-content\/uploads\/2023\/12\/community-garden-pmnh.jpeg 2048w 1365h,https:\/\/bufusa.org\/wp-content\/uploads\/2023\/12\/community-garden-pmnh-18x12.jpeg 18w 12h,https:\/\/bufusa.org\/wp-content\/uploads\/2023\/12\/community-garden-pmnh-150x100.jpeg 150w 100h,https:\/\/bufusa.org\/wp-content\/uploads\/2023\/12\/community-garden-pmnh-1280x853.jpeg 1280w 853h,https:\/\/bufusa.org\/wp-content\/uploads\/2023\/12\/community-garden-pmnh.jpeg 2048w 1365h\" data-original-width=\"2048\" data-original-height=\"1365\"><\/div>\t<div class=\"card__inner-container\">\r\n\t\t\t\t\t\t\t<h2 class=\"card__title\">Gemeinschaftsgarten<\/h2>\r\n\t\t\t\t\t\t\t<div class=\"card__text\"><p>Unterst\u00fctzt bis zu 30 einzelne Parzellen und f\u00f6rdert so die Ern\u00e4hrungssouver\u00e4nit\u00e4t. Verwendet f\u00fcr Veranstaltungen Bio-Produkte aus dem Botanischen Garten und anderen Quellen<\/p>\n<\/div>\r\n\t\t\t\t\t<\/div>\r\n<\/div>\n\r\n\t\t<\/div>\r\n\t\t\t<\/div>\r\n\r\n\n\n\r\n\r\n\t<div id=\"block_02985ee2e0645d0962e04fe436caaf57\" class=\"row row--default container--horizontal row-break--4 background-color--none page-width vertical-align--top\">\r\n\t\t<!-- Image Error (Could not load $image) -->\t\t<div class=\"row__inner-container\">\r\n\t\t\t\n\r\n<div id=\"block_a65b76158c7adb4c6b86e4ce6efef5c3\" class=\"card card--anchor card-color--F5F6F7 align-left page-width\">\r\n\t\t\t<a href=\"https:\/\/www.palestinenature.org\/rescue\/\" target=\"_blank\" aria-label=\"Link to: Wildlife Rehabilitation\"><\/a>\r\n\t\t<div class=\"i72-image cover\" role=\"img\" title=\"PIBS-conservation\" aria-label=\"\" data-srcset=\"https:\/\/bufusa.org\/wp-content\/uploads\/2024\/04\/PIBS-conservation.jpg 3000w 3000h,https:\/\/bufusa.org\/wp-content\/uploads\/2024\/04\/PIBS-conservation-300x200.jpg 300w 200h,https:\/\/bufusa.org\/wp-content\/uploads\/2024\/04\/PIBS-conservation-768x512.jpg 768w 512h,https:\/\/bufusa.org\/wp-content\/uploads\/2024\/04\/PIBS-conservation-1024x683.jpg 1024w 683h,https:\/\/bufusa.org\/wp-content\/uploads\/2024\/04\/PIBS-conservation-1536x1024.jpg 1536w 1024h,https:\/\/bufusa.org\/wp-content\/uploads\/2024\/04\/PIBS-conservation.jpg 2048w 1365h,https:\/\/bufusa.org\/wp-content\/uploads\/2024\/04\/PIBS-conservation-18x12.jpg 18w 12h,https:\/\/bufusa.org\/wp-content\/uploads\/2024\/04\/PIBS-conservation-150x100.jpg 150w 100h,https:\/\/bufusa.org\/wp-content\/uploads\/2024\/04\/PIBS-conservation-1280x853.jpg 1280w 853h,https:\/\/bufusa.org\/wp-content\/uploads\/2024\/04\/PIBS-conservation.jpg 2048w 1365h\" data-original-width=\"2048\" data-original-height=\"1365\"><\/div>\t<div class=\"card__inner-container\">\r\n\t\t\t\t\t\t\t<h2 class=\"card__title\">Wildtierrehabilitation<\/h2>\r\n\t\t\t\t\t\t\t<div class=\"card__text\"><p>Erfolgreiche Rehabilitation und Freilassung verschiedener einheimischer Tiere, darunter Turmfalken, Dachse, Hy\u00e4nen und Flederm\u00e4use.<\/p>\n<\/div>\r\n\t\t\t\t\t<\/div>\r\n<\/div>\n\n\r\n<div id=\"block_84aaa48f2644c282fccfc5c7007e638e\" class=\"card card--anchor card-color--F5F6F7 align-left page-width\">\r\n\t\t\t<a link-error=\"Link not found\"><\/a>\r\n\t\t<div class=\"i72-image cover\" role=\"img\" title=\"rpt\" aria-label=\"\" data-srcset=\"https:\/\/bufusa.org\/wp-content\/uploads\/2023\/12\/community-engagement-scaled.jpeg 3000w 3000h,https:\/\/bufusa.org\/wp-content\/uploads\/2023\/12\/community-engagement-300x138.jpeg 300w 138h,https:\/\/bufusa.org\/wp-content\/uploads\/2023\/12\/community-engagement-768x354.jpeg 768w 354h,https:\/\/bufusa.org\/wp-content\/uploads\/2023\/12\/community-engagement-1024x472.jpeg 1024w 472h,https:\/\/bufusa.org\/wp-content\/uploads\/2023\/12\/community-engagement-1536x707.jpeg 1536w 707h,https:\/\/bufusa.org\/wp-content\/uploads\/2023\/12\/community-engagement-2048x943.jpeg 2048w 943h,https:\/\/bufusa.org\/wp-content\/uploads\/2023\/12\/community-engagement-18x8.jpeg 18w 8h,https:\/\/bufusa.org\/wp-content\/uploads\/2023\/12\/community-engagement-150x69.jpeg 150w 69h,https:\/\/bufusa.org\/wp-content\/uploads\/2023\/12\/community-engagement-1280x589.jpeg 1280w 589h,https:\/\/bufusa.org\/wp-content\/uploads\/2023\/12\/community-engagement-2560x1179.jpeg 2560w 1179h\" data-original-width=\"2560\" data-original-height=\"1179\"><\/div>\t<div class=\"card__inner-container\">\r\n\t\t\t\t\t\t\t<h2 class=\"card__title\">Engagement f\u00fcr die Gemeinschaft<\/h2>\r\n\t\t\t\t\t\t\t<div class=\"card__text\"><p>Fertigstellung der Nationalen Biodiversit\u00e4tsstrategie und des Aktionsplans (NBSAP) f\u00fcr Pal\u00e4stina. Schaffung eines Protected Area Network (PAN) f\u00fcr die International Union for Conservation of Nature (IUCN). Engagement in Sensibilisierung, Mainstreaming und \u00d6ffentlichkeitsarbeit<\/p>\n<\/div>\r\n\t\t\t\t\t<\/div>\r\n<\/div>\n\r\n\t\t<\/div>\r\n\t\t\t<\/div>","protected":false},"excerpt":{"rendered":"","protected":false},"author":1,"featured_media":0,"parent":0,"menu_order":0,"comment_status":"closed","ping_status":"closed","template":"","meta":{"_acf_changed":false,"inline_featured_image":false,"footnotes":""},"class_list":["post-1494","page","type-page","status-publish","hentry"],"acf":[],"_links":{"self":[{"href":"https:\/\/bufusa.org\/de\/wp-json\/wp\/v2\/pages\/1494","targetHints":{"allow":["GET"]}}],"collection":[{"href":"https:\/\/bufusa.org\/de\/wp-json\/wp\/v2\/pages"}],"about":[{"href":"https:\/\/bufusa.org\/de\/wp-json\/wp\/v2\/types\/page"}],"author":[{"embeddable":true,"href":"https:\/\/bufusa.org\/de\/wp-json\/wp\/v2\/users\/1"}],"replies":[{"embeddable":true,"href":"https:\/\/bufusa.org\/de\/wp-json\/wp\/v2\/comments?post=1494"}],"version-history":[{"count":147,"href":"https:\/\/bufusa.org\/de\/wp-json\/wp\/v2\/pages\/1494\/revisions"}],"predecessor-version":[{"id":10502,"href":"https:\/\/bufusa.org\/de\/wp-json\/wp\/v2\/pages\/1494\/revisions\/10502"}],"wp:attachment":[{"href":"https:\/\/bufusa.org\/de\/wp-json\/wp\/v2\/media?parent=1494"}],"curies":[{"name":"wp","href":"https:\/\/api.w.org\/{rel}","templated":true}]}}