{"id":1921,"date":"2023-11-30T14:19:11","date_gmt":"2023-11-30T14:19:11","guid":{"rendered":"https:\/\/bethlehem.i72dev.com\/?page_id=1921"},"modified":"2026-02-10T16:06:22","modified_gmt":"2026-02-10T21:06:22","slug":"participate","status":"publish","type":"page","link":"https:\/\/bufusa.org\/de\/participate\/","title":{"rendered":"Teilnehmen"},"content":{"rendered":"<div id=\"block_c0bf0a8cec886db9d2f4bb98f8f9fcec\" class=\"background container--vertical background-color--0061AA page-width\">\r\n\t\t<!-- Image Error (Could not load $image) -->\t\t<div class=\"background__inner-container\">\r\n\t\t\t\n\r\n<div id=\"block_f4b5f3a8e290dfbbbdf58c5719efd4d8\" class=\"paragraph paragraph--default align-left page-width\">\r\n\t\t\t<div class=\"paragraph__inner-container\">\r\n\t\t\t\t\t<h2 class=\"paragraph__title\">Veranstalten Sie eine Veranstaltung oder nehmen Sie daran teil<\/h2>\r\n\t\t\t\t\t\t\t<div class=\"paragraph__text\"><p>Die Universit\u00e4t Bethlehem ist auf die Gro\u00dfz\u00fcgigkeit von Freunden und Unterst\u00fctzern auf der ganzen Welt angewiesen, um sicherzustellen, dass die Bildung junger Menschen in Pal\u00e4stina fortgesetzt werden kann. Wenn Sie oder Ihre Gruppe daran interessiert sind, eine Veranstaltung zugunsten der Bethlehem University Foundation auszurichten, wenden Sie sich bitte an Kathy Carver (<a href=\"mailto:info@bufusa.org\">info@bufusa.org<\/a>), Director of Mission Advancement, to discuss event opportunities.<\/p>\n<\/div>\r\n\t\t\t\t\t<\/div>\r\n<\/div>\n\r\n\t\t<\/div>\r\n\t<\/div>\r\n\r\n\n\n\r\n\r\n\t<div id=\"block_c58d78ce39603033f0723bf5292f6c4f\" class=\"background container--vertical background-color--none page-width\">\r\n\t\t<!-- Image Error (Could not load $image) -->\t\t<div class=\"background__inner-container\">\r\n\t\t\t\n\r\n<div id=\"block_a27854899f54cd96e3404e8feaa9bfbb\" class=\"paragraph paragraph--button align-left page-width\">\r\n\t\t\t<div class=\"paragraph__inner-container\">\r\n\t\t\t\t\t<h2 class=\"paragraph__title\">Werden Sie G\u00f6nner<\/h2>\r\n\t\t\t\t\t\t\t<div class=\"paragraph__text\"><p>Der Patrons Endowed Fund sichert eine nachhaltige Zukunft f\u00fcr die Bethlehem University und die Bethlehem University Foundation. Eine Schenkung an den Patrons Endowed Fund ist eine \u201eSchenkung f\u00fcr immer\u201c, die es der Stiftung erm\u00f6glicht, die Stiftung zu vergr\u00f6\u00dfern, um ihre Mission, die Bethlehem University zu unterst\u00fctzen, besser erf\u00fcllen zu k\u00f6nnen. Indem sie eine sichere Grundlage schaffen, auf der die Bethlehem University Foundation vertrauensvoll und mit Blick auf die Zukunft agieren kann, bef\u00e4higen die F\u00f6rderer die Stiftung, langfristig mit Umsicht und Optimismus zu agieren.<\/p>\n<\/div>\r\n\t\t\t\t\t\t\t<a class=\"paragraph__button button button-color--blue\" href=\"https:\/\/bufusa.org\/de\/patrons\/\" target=\"_self\" aria-label=\"Link zu: Mehr erfahren\">Erfahren Sie mehr<\/a>\r\n\t\t\t<\/div>\r\n<\/div>\n\r\n\t\t<\/div>\r\n\t<\/div>\r\n\r\n\n\n\r\n\r\n\t<div id=\"block_c0bf0a8cec886db9d2f4bb98f8f9fcec\" class=\"background container--vertical background-color--0061AA page-width\">\r\n\t\t<!-- Image Error (Could not load $image) -->\t\t<div class=\"background__inner-container\">\r\n\t\t\t\n\r\n<div id=\"block_c9a1842d2b2c2dbffceebffd38aa9187\" class=\"paragraph paragraph--default align-left page-width\">\r\n\t\t\t<div class=\"paragraph__inner-container\">\r\n\t\t\t\t\t<h2 class=\"paragraph__title\">Fordern Sie einen Redner an<\/h2>\r\n\t\t\t\t\t\t\t<div class=\"paragraph__text\"><p>Bethlehem University is truly a beacon of hope and an oasis of peace in one of the most complex, historically, culturally, and religiously significant spots on the globe. BUF experts can provide insight into life in Bethlehem and the role the university plays in establishing hope, peace, and highly educated leaders for Palestinian society. To learn more about having Bethlehem University Foundation present to your group or event, please contact Waleed Zaru (<a href=\"mailto:info@bufusa.org\">info@bufusa.org<\/a>), Gesch\u00e4ftsf\u00fchrer BUFUSA.<\/p>\n<\/div>\r\n\t\t\t\t\t<\/div>\r\n<\/div>\n\r\n\t\t<\/div>\r\n\t<\/div>\r\n\r\n\n\n\r\n\r\n\t<div id=\"block_c58d78ce39603033f0723bf5292f6c4f\" class=\"background container--vertical background-color--none page-width\">\r\n\t\t<!-- Image Error (Could not load $image) -->\t\t<div class=\"background__inner-container\">\r\n\t\t\t\n\r\n<div id=\"block_0785cfd6170c66ccd6937670df116fce\" class=\"paragraph paragraph--default align-left page-width\">\r\n\t\t\t<div class=\"paragraph__inner-container\">\r\n\t\t\t\t\t<h2 class=\"paragraph__title\">Ein Partner werden<\/h2>\r\n\t\t\t\t\t\t\t<div class=\"paragraph__text\"><p>As an academic institution providing high quality education for future local, regional, and global leaders, Bethlehem University values innovative partnerships with other academic and research institutions, corporations, religious groups, civic organizations, and people of goodwill. If you represent an entity interested in learning more about partnership, please contact Waleed Zaru (<a href=\"mailto:info@bufusa.org\">info@bufusa.org<\/a>), Gesch\u00e4ftsf\u00fchrer BUFUSA.<\/p>\n<\/div>\r\n\t\t\t\t\t<\/div>\r\n<\/div>\n\r\n\t\t<\/div>\r\n\t<\/div>\r\n\r\n\n\n\r\n\r\n\t<div id=\"block_c0bf0a8cec886db9d2f4bb98f8f9fcec\" class=\"background container--vertical background-color--0061AA page-width\">\r\n\t\t<!-- Image Error (Could not load $image) -->\t\t<div class=\"background__inner-container\">\r\n\t\t\t\n\r\n<div id=\"block_365f9d70505a76a34b424932be019c68\" class=\"paragraph paragraph--button align-left page-width\">\r\n\t\t\t<div class=\"paragraph__inner-container\">\r\n\t\t\t\t\t<h2 class=\"paragraph__title\">Besuchen Sie Bethlehem<\/h2>\r\n\t\t\t\t\t\t\t<div class=\"paragraph__text\"><p>Das Heilige Land und die Universit\u00e4t Bethlehem haben eine lange Tradition darin, Besucher aus der ganzen Welt zu empfangen. Von der Geburtskirche \u00fcber Shepherd&#039;s Field bis zum Campus der Universit\u00e4t werden Pilger herzlich willkommen gehei\u00dfen.<\/p>\n<\/div>\r\n\t\t\t\t\t\t\t<a class=\"paragraph__button button button-color--blue\" href=\"https:\/\/bufusa.org\/de\/pilgrims\/\" target=\"_self\" aria-label=\"Link zu: Mehr erfahren\">Erfahren Sie mehr<\/a>\r\n\t\t\t<\/div>\r\n<\/div>\n\r\n\t\t<\/div>\r\n\t<\/div>","protected":false},"excerpt":{"rendered":"","protected":false},"author":1,"featured_media":0,"parent":0,"menu_order":0,"comment_status":"closed","ping_status":"closed","template":"","meta":{"_acf_changed":false,"inline_featured_image":false,"footnotes":""},"class_list":["post-1921","page","type-page","status-publish","hentry"],"acf":[],"_links":{"self":[{"href":"https:\/\/bufusa.org\/de\/wp-json\/wp\/v2\/pages\/1921","targetHints":{"allow":["GET"]}}],"collection":[{"href":"https:\/\/bufusa.org\/de\/wp-json\/wp\/v2\/pages"}],"about":[{"href":"https:\/\/bufusa.org\/de\/wp-json\/wp\/v2\/types\/page"}],"author":[{"embeddable":true,"href":"https:\/\/bufusa.org\/de\/wp-json\/wp\/v2\/users\/1"}],"replies":[{"embeddable":true,"href":"https:\/\/bufusa.org\/de\/wp-json\/wp\/v2\/comments?post=1921"}],"version-history":[{"count":23,"href":"https:\/\/bufusa.org\/de\/wp-json\/wp\/v2\/pages\/1921\/revisions"}],"predecessor-version":[{"id":10254,"href":"https:\/\/bufusa.org\/de\/wp-json\/wp\/v2\/pages\/1921\/revisions\/10254"}],"wp:attachment":[{"href":"https:\/\/bufusa.org\/de\/wp-json\/wp\/v2\/media?parent=1921"}],"curies":[{"name":"wp","href":"https:\/\/api.w.org\/{rel}","templated":true}]}}