{"id":1970,"date":"2023-11-30T15:11:13","date_gmt":"2023-11-30T15:11:13","guid":{"rendered":"https:\/\/bethlehem.i72dev.com\/?page_id=1970"},"modified":"2023-11-30T15:14:52","modified_gmt":"2023-11-30T15:14:52","slug":"importance-of-giving","status":"publish","type":"page","link":"https:\/\/bufusa.org\/de\/importance-of-giving\/","title":{"rendered":"Bedeutung des Gebens"},"content":{"rendered":"<h2 id=\"block_db6ce66dac3b2ed9a88edd13ba63cabe\" class=\"heading align-left text-color--0061AA page-width\">Eine Spende an die Bethlehem University Foundation hat sechs starke Auswirkungen:<\/h2>\n\n\r\n\r\n\t<div id=\"block_c7fcae07715977731ab6df4a4dcecb1f\" class=\"background container--vertical background-color--F5F6F7 page-width\">\r\n\t\t<!-- Image Error (Could not load $image) -->\t\t<div class=\"background__inner-container\">\r\n\t\t\t\n\r\n<div id=\"block_3d8adc273d010ce9e4ebde4c749b94a9\" class=\"paragraph paragraph--default align-left page-width\">\r\n\t\t\t<div class=\"paragraph__inner-container\">\r\n\t\t\t\t\t<h2 class=\"paragraph__title\">1. Bildung und Empowerment<\/h2>\r\n\t\t\t\t\t\t\t<div class=\"paragraph__text\"><p>BUF zu unterst\u00fctzen bedeutet, zur Bildung pal\u00e4stinensischer Studenten beizutragen und ihnen Wissen und F\u00e4higkeiten zu vermitteln, die ihr Leben und ihre Gemeinschaften ver\u00e4ndern k\u00f6nnen. Durch die Bereitstellung von Bildungsm\u00f6glichkeiten erm\u00f6glichen Sie es Einzelpersonen, ihre Tr\u00e4ume zu verwirklichen und einen positiven Beitrag zur Gesellschaft zu leisten.<\/p>\n<\/div>\r\n\t\t\t\t\t<\/div>\r\n<\/div>\n\r\n\t\t<\/div>\r\n\t<\/div>\r\n\r\n\n\n\r\n\r\n\t<div id=\"block_ac14e82f3e7a1bb94b3a9bcbe92cd1c4\" class=\"background container--vertical background-color--none page-width\">\r\n\t\t<!-- Image Error (Could not load $image) -->\t\t<div class=\"background__inner-container\">\r\n\t\t\t\n\r\n<div id=\"block_f6b01eaee4c2f09eda0955c0c4635e37\" class=\"paragraph paragraph--default align-left page-width\">\r\n\t\t\t<div class=\"paragraph__inner-container\">\r\n\t\t\t\t\t<h2 class=\"paragraph__title\">2. F\u00f6rderung von Frieden und Verst\u00e4ndnis<\/h2>\r\n\t\t\t\t\t\t\t<div class=\"paragraph__text\"><p>Die Bethlehem University liegt in einer Region mit einer komplexen politischen und sozialen Landschaft und dient als Leuchtturm des Friedens und der Verst\u00e4ndigung. Indem Sie die BUF unterst\u00fctzen, f\u00f6rdern Sie ein Umfeld, das Bildung und Dialog sch\u00e4tzt und so zur F\u00f6rderung von Frieden und interkulturellem Verst\u00e4ndnis beitr\u00e4gt.<\/p>\n<\/div>\r\n\t\t\t\t\t<\/div>\r\n<\/div>\n\r\n\t\t<\/div>\r\n\t<\/div>\r\n\r\n\n\n\r\n\r\n\t<div id=\"block_c7fcae07715977731ab6df4a4dcecb1f\" class=\"background container--vertical background-color--F5F6F7 page-width\">\r\n\t\t<!-- Image Error (Could not load $image) -->\t\t<div class=\"background__inner-container\">\r\n\t\t\t\n\r\n<div id=\"block_416fbb4234f55b7313a57cb623a8ba96\" class=\"paragraph paragraph--default align-left page-width\">\r\n\t\t\t<div class=\"paragraph__inner-container\">\r\n\t\t\t\t\t<h2 class=\"paragraph__title\">3. Sozio\u00f6konomische Entwicklung<\/h2>\r\n\t\t\t\t\t\t\t<div class=\"paragraph__text\"><p>Bildung ist ein grundlegender Treiber der sozio\u00f6konomischen Entwicklung. Mit einer Spende an BUF investieren Sie in die Zukunft Pal\u00e4stinas und des gesamten Heiligen Landes und tragen dazu bei, qualifiziertere und sachkundigere Arbeitskr\u00e4fte zu schaffen, die zum Wirtschaftswachstum und zur Stabilit\u00e4t der Region beitragen k\u00f6nnen.<\/p>\n<\/div>\r\n\t\t\t\t\t<\/div>\r\n<\/div>\n\r\n\t\t<\/div>\r\n\t<\/div>\r\n\r\n\n\n\r\n\r\n\t<div id=\"block_ac14e82f3e7a1bb94b3a9bcbe92cd1c4\" class=\"background container--vertical background-color--none page-width\">\r\n\t\t<!-- Image Error (Could not load $image) -->\t\t<div class=\"background__inner-container\">\r\n\t\t\t\n\r\n<div id=\"block_7905b07a171a0bc28da2fe6fcf3c72a2\" class=\"paragraph paragraph--default align-left page-width\">\r\n\t\t\t<div class=\"paragraph__inner-container\">\r\n\t\t\t\t\t<h2 class=\"paragraph__title\">4. Bewahrung des kulturellen Erbes<\/h2>\r\n\t\t\t\t\t\t\t<div class=\"paragraph__text\"><p>Die Universit\u00e4t Bethlehem spielt eine wichtige Rolle bei der Bewahrung des kulturellen Erbes der Region. Indem Sie die Universit\u00e4t unterst\u00fctzen, unterst\u00fctzen Sie eine Institution, die tief in der lokalen Kultur und Geschichte verwurzelt ist, und stellen so sicher, dass sie f\u00fcr zuk\u00fcnftige Generationen erhalten bleibt.<\/p>\n<\/div>\r\n\t\t\t\t\t<\/div>\r\n<\/div>\n\r\n\t\t<\/div>\r\n\t<\/div>\r\n\r\n\n\n\r\n\r\n\t<div id=\"block_c7fcae07715977731ab6df4a4dcecb1f\" class=\"background container--vertical background-color--F5F6F7 page-width\">\r\n\t\t<!-- Image Error (Could not load $image) -->\t\t<div class=\"background__inner-container\">\r\n\t\t\t\n\r\n<div id=\"block_09164cc17f8a3acbcdeefc4776bef922\" class=\"paragraph paragraph--default align-left page-width\">\r\n\t\t\t<div class=\"paragraph__inner-container\">\r\n\t\t\t\t\t<h2 class=\"paragraph__title\">5. Stipendien und Unterst\u00fctzung<\/h2>\r\n\t\t\t\t\t\t\t<div class=\"paragraph__text\"><p>Ihre Spende kann f\u00fcr Stipendien, akademische Programme oder verschiedene andere wichtige Zwecke verwendet werden. Diese Beitr\u00e4ge k\u00f6nnen den Zugang zu Bildung f\u00fcr w\u00fcrdige Studierende erleichtern, die sonst m\u00f6glicherweise nicht \u00fcber die finanziellen Mittel verf\u00fcgen, um sie sich leisten zu k\u00f6nnen.<\/p>\n<\/div>\r\n\t\t\t\t\t<\/div>\r\n<\/div>\n\r\n\t\t<\/div>\r\n\t<\/div>\r\n\r\n\n\n\r\n\r\n\t<div id=\"block_ac14e82f3e7a1bb94b3a9bcbe92cd1c4\" class=\"background container--vertical background-color--none page-width\">\r\n\t\t<!-- Image Error (Could not load $image) -->\t\t<div class=\"background__inner-container\">\r\n\t\t\t\n\r\n<div id=\"block_9a8137bffb02e36a3da1ebc9c07b7d1c\" class=\"paragraph paragraph--default align-left page-width\">\r\n\t\t\t<div class=\"paragraph__inner-container\">\r\n\t\t\t\t\t<h2 class=\"paragraph__title\">6. Globale Auswirkungen<\/h2>\r\n\t\t\t\t\t\t\t<div class=\"paragraph__text\"><p>Bei der Unterst\u00fctzung der Bethlehem University geht es nicht nur darum, einer einzelnen Institution zu helfen; Es geht darum, eine globale Wirkung zu erzielen. Bildung ist ein allgemein anerkanntes Instrument f\u00fcr positive Ver\u00e4nderungen. Indem Sie die Bildung in Regionen unterst\u00fctzen, die vor Herausforderungen stehen, tragen Sie zu einer vernetzteren, gebildeteren und einf\u00fchlsameren Welt bei.<\/p>\n<\/div>\r\n\t\t\t\t\t<\/div>\r\n<\/div>\n\r\n\t\t<\/div>\r\n\t<\/div>\r\n\r\n\n\n\n<hr class=\"wp-block-separator has-alpha-channel-opacity\"\/>\n\n\n\n<div style=\"height:30px\" aria-hidden=\"true\" class=\"wp-block-spacer\"><\/div>\n\n\n\r\n<div id=\"block_d28d79471a969b76887670d2c1c960bf\" class=\"paragraph paragraph--cta align-center page-width\">\r\n\t\t\t<div class=\"paragraph__inner-container\">\r\n\t\t\t\t\t\t\t<div class=\"paragraph__text\"><p>Letztendlich geht es bei einer Spende an die Bethlehem University Foundation nicht nur darum, einer Institution etwas zu spenden; Es geht darum, in die Zukunft zu investieren, Einzelpersonen zu st\u00e4rken und positive Ver\u00e4nderungen im Leben k\u00fcnftiger F\u00fchrungskr\u00e4fte herbeizuf\u00fchren. <\/p>\n<\/div>\r\n\t\t\t\t\t<\/div>\r\n<\/div>","protected":false},"excerpt":{"rendered":"","protected":false},"author":1,"featured_media":0,"parent":0,"menu_order":0,"comment_status":"closed","ping_status":"closed","template":"","meta":{"_acf_changed":false,"inline_featured_image":false,"footnotes":""},"class_list":["post-1970","page","type-page","status-publish","hentry"],"acf":[],"_links":{"self":[{"href":"https:\/\/bufusa.org\/de\/wp-json\/wp\/v2\/pages\/1970","targetHints":{"allow":["GET"]}}],"collection":[{"href":"https:\/\/bufusa.org\/de\/wp-json\/wp\/v2\/pages"}],"about":[{"href":"https:\/\/bufusa.org\/de\/wp-json\/wp\/v2\/types\/page"}],"author":[{"embeddable":true,"href":"https:\/\/bufusa.org\/de\/wp-json\/wp\/v2\/users\/1"}],"replies":[{"embeddable":true,"href":"https:\/\/bufusa.org\/de\/wp-json\/wp\/v2\/comments?post=1970"}],"version-history":[{"count":8,"href":"https:\/\/bufusa.org\/de\/wp-json\/wp\/v2\/pages\/1970\/revisions"}],"predecessor-version":[{"id":1979,"href":"https:\/\/bufusa.org\/de\/wp-json\/wp\/v2\/pages\/1970\/revisions\/1979"}],"wp:attachment":[{"href":"https:\/\/bufusa.org\/de\/wp-json\/wp\/v2\/media?parent=1970"}],"curies":[{"name":"wp","href":"https:\/\/api.w.org\/{rel}","templated":true}]}}