{"id":2022,"date":"2023-11-30T16:12:18","date_gmt":"2023-11-30T16:12:18","guid":{"rendered":"https:\/\/bethlehem.i72dev.com\/?page_id=2022"},"modified":"2023-11-30T16:13:28","modified_gmt":"2023-11-30T16:13:28","slug":"support-an-established-endowed-scholarship","status":"publish","type":"page","link":"https:\/\/bufusa.org\/de\/support-an-established-endowed-scholarship\/","title":{"rendered":"Unterst\u00fctzen Sie ein etabliertes Stiftungsstipendium"},"content":{"rendered":"<div id=\"block_37ef739d828ec4be41013f1d2413fb05\" class=\"split container--horizontal split-size--50 background-color--none page-width vertical-align--middle\">\r\n\t\t<!-- Image Error (Could not load $image) -->\t\t<div class=\"split__inner-container\">\r\n\t\t\t\n\r\n<div id=\"block_67c5660ba63e19213f56cb7be3b8c2cc\" class=\"image page-width\">\r\n\t<div class=\"i72-image cover\" role=\"img\" title=\"Header-for-doted-stipendium-page-1024x683\" aria-label=\"Stiftungsstipendien der Bethlehem University Foundation\" data-srcset=\"https:\/\/bufusa.org\/wp-content\/uploads\/2023\/11\/Header-for-endowed-scholarship-page-1024x683-1.jpeg 3000w 3000h,https:\/\/bufusa.org\/wp-content\/uploads\/2023\/11\/Header-for-endowed-scholarship-page-1024x683-1-300x200.jpeg 300w 200h,https:\/\/bufusa.org\/wp-content\/uploads\/2023\/11\/Header-for-endowed-scholarship-page-1024x683-1-768x512.jpeg 768w 512h,https:\/\/bufusa.org\/wp-content\/uploads\/2023\/11\/Header-for-endowed-scholarship-page-1024x683-1.jpeg 1024w 683h,https:\/\/bufusa.org\/wp-content\/uploads\/2023\/11\/Header-for-endowed-scholarship-page-1024x683-1.jpeg 1024w 683h,https:\/\/bufusa.org\/wp-content\/uploads\/2023\/11\/Header-for-endowed-scholarship-page-1024x683-1.jpeg 1024w 683h,https:\/\/bufusa.org\/wp-content\/uploads\/2023\/11\/Header-for-endowed-scholarship-page-1024x683-1-18x12.jpeg 18w 12h,https:\/\/bufusa.org\/wp-content\/uploads\/2023\/11\/Header-for-endowed-scholarship-page-1024x683-1-150x100.jpeg 150w 100h,https:\/\/bufusa.org\/wp-content\/uploads\/2023\/11\/Header-for-endowed-scholarship-page-1024x683-1.jpeg 1024w 683h,https:\/\/bufusa.org\/wp-content\/uploads\/2023\/11\/Header-for-endowed-scholarship-page-1024x683-1.jpeg 1024w 683h\" data-original-width=\"1024\" data-original-height=\"683\"><\/div><\/div>\n\n\r\n<div id=\"block_8cc4e7c8e59eee522905b9ecd606cfb1\" class=\"paragraph paragraph--cta align-left page-width\">\r\n\t\t\t<div class=\"paragraph__inner-container\">\r\n\t\t\t\t\t\t\t<div class=\"paragraph__text\"><p>Stiftungsstipendien der Bethlehem University Foundation sind unbefristete Schenkungen, die j\u00e4hrlich die Studiengeb\u00fchren bed\u00fcrftiger Studenten an der Bethlehem University decken. Indem Sie ein Stiftungsstipendium spenden, machen Sie einen deutlichen Unterschied im Leben der Studenten der Bethlehem University.<\/p>\n<\/div>\r\n\t\t\t\t\t<\/div>\r\n<\/div>\n\r\n\t\t<\/div>\r\n\t<\/div>\r\n\r\n\n\n\n<hr class=\"wp-block-separator has-alpha-channel-opacity\"\/>\n\n\n\n<div style=\"height:30px\" aria-hidden=\"true\" class=\"wp-block-spacer\"><\/div>\n\n\n\r\n<div id=\"block_fff370216bc1f6ab4ab358b069c09d6d\" class=\"wysiwyg page-width\"><p><strong>Abu-El-Walid Dajani-Stiftungsstipendium<\/strong><br \/>\n<em>Gespendet von Susan und dem verstorbenen Hani-Imam, BU&#039;77 (1954-2013)<\/em><\/p>\n<p><strong>Stiftungsstipendium der Al Hodaifi Group<\/strong><br \/>\n<em>Gespendet von der Investment Holding Group, Doha \u2013 Katar<\/em><\/p>\n<p><strong>Annabel Stork-Stiftungsstipendium<\/strong><br \/>\n<em>Gespendet von der Moley Family Foundation, USA<\/em><\/p>\n<p><strong>Anton J., Ilham, David, Diana und John Saca aus Sacramento, Kalifornien, Stiftungsstipendium<\/strong><br \/>\n<em>Gespendet von Herrn Anton und Frau Ilham Saca<\/em><\/p>\n<p><strong>Erzbischof Antonio Franco stiftete ein Stipendium<\/strong><br \/>\n<em>Gespendet vom Board of Regents der Bethlehem University<\/em><\/p>\n<p><strong>Beatrix Stork-Stiftungsstipendium<\/strong><br \/>\n<em>Gespendet von der Moley Family Foundation, USA<\/em><\/p>\n<p><strong>Benjamin Moley Stork-Stiftungsstipendium<\/strong><br \/>\n<em>Gespendet von der Moley Family Foundation, USA<\/em><\/p>\n<p><strong>Bischof Robin Leamy SM und neuseel\u00e4ndische katholische Pilger stifteten ein Stipendium<\/strong><br \/>\n<em>Gespendet von Bischof Robin Leamy und den Catholic Pilgrims of New Zealand<\/em><\/p>\n<p><strong>Bruder Charles Henry-Stiftungsstipendium<\/strong><br \/>\n<em>Gespendet von der USA\/Toronto Regional Conference of Christian Brothers<\/em><\/p>\n<p><strong>Bruder Cyril Litecky-Stiftungsstipendium<\/strong><br \/>\n<em>Gespendet von den Schwestern von St. Joseph of Carondolet, Provinz St. Paul, USA<\/em><\/p>\n<p><strong>Bruder Jean Manuel, FSC-Stiftungsstipendium f\u00fcr bed\u00fcrftige Studenten<\/strong><br \/>\n<em>Gespendet vom verstorbenen Herrn Mario Gustav H. Toumayan<\/em><\/p>\n<p><strong>Bruder John Johnston-Stiftungsstipendium<\/strong><br \/>\n<em>Gespendet von der USA\/Toronto Regional Conference of Christian Brothers<\/em><\/p>\n<p><strong>Bruder Joseph Loewenstein-Stiftungsstipendium<\/strong><br \/>\n<em>Gespendet von den De La Salle Christian Brothers der New York Province und der Bethlehem University Brothers Community<\/em><\/p>\n<p><strong>Bruder Joseph Neary-Stiftungsstipendium<\/strong><br \/>\n<em>Gespendet von der De La Salle Christian Brothers&#039; Community der Universit\u00e4t Bethlehem<\/em><\/p>\n<p><strong>Canon Quinlan \u2013 FOBU Olive Aid-Stipendium<\/strong><br \/>\n<em>Gespendet vom FOBU-UK Olive Aid Project und der Pfarrei Our Lady of Pity and St. Simon Stock<\/em><br \/>\n<strong><br \/>\nKardinal-Egan-Stiftungsstipendium<\/strong><br \/>\n<em>Gespendet vom Ritterorden vom Heiligen Grab zu Jerusalem \u2013 USA Eastern Statthalterei<\/em><\/p>\n<p><strong>Kardinal Furno Stiftungsstipendienfonds f\u00fcr Kunst<\/strong><br \/>\n<em>Gestiftet vom Gro\u00dfmagisterium des Ritterordens vom Heiligen Grab zu Jerusalem<\/em><\/p>\n<p><strong>Cardinal Furno Stiftungsstipendienfonds f\u00fcr Betriebswirtschaftslehre<\/strong><br \/>\n<em>Gestiftet vom Gro\u00dfmagisterium des Ritterordens vom Heiligen Grab zu Jerusalem<\/em><\/p>\n<p><strong>Kardinal-Hume-Stiftungsstipendium<\/strong><br \/>\n<em>Gespendet von Friends of Bethlehem University in England und Wales (FOBU-UK)<\/em><\/p>\n<p><strong>Kardinal Pio Laghi-Stiftungsstipendium<\/strong><br \/>\n<em>Gespendet von Frau Florence Gregoric<\/em><\/p>\n<p><strong>Kardinal William Levada-Stiftungsstipendium<\/strong><br \/>\n<em>Gespendet vom Ritterorden vom Heiligen Grab zu Jerusalem \u2013 Statthalterei Northwestern der USA<\/em><i><\/i><\/p>\n<p><strong>Carlo Kardinal Furno \u2013 Stipendium des Gro\u00dfmagisteriums<\/strong><br \/>\n<em>Gestiftet vom Gro\u00dfmagisterium des Ritterordens vom Heiligen Grab zu Jerusalem<\/em><\/p>\n<p><strong>Caroline Moley-Stiftungsstipendium<\/strong><br \/>\n<em>Gespendet von der Moley Family Foundation, USA<\/em><\/p>\n<p><strong>Christian &amp; Irving Teaching Stipendium<\/strong><br \/>\n<em>Gespendet von Herrn James L. Charles und Dr. Hildegard E. Charles<\/em><\/p>\n<p><strong>Claire Moley-Stiftungsstipendium<\/strong><br \/>\n<em>Gespendet von der Moley Family Foundation, USA<\/em><i><\/i><\/p>\n<p><strong>Cynthia Hall-Stiftungsstipendium<\/strong><br \/>\n<em>Gespendet von Sir Michael und Lady Karen Hall, EOHSJ-USA Northwestern Statthalterei<\/em><\/p>\n<p><strong>De La Salle-Stiftungsstipendium<\/strong><br \/>\n<em>Gespendet von der USA\/Toronto Regional Conference of Christian Brothers<\/em><\/p>\n<p><strong>Stipendium der christlichen Br\u00fcder De La Salle<\/strong><br \/>\n<em>Gespendet von der USA\/Toronto Regional Conference of Christian Brothers<\/em><\/p>\n<p><strong>Stiftungsstipendium der Dominikanischen Schwestern<\/strong><br \/>\n<em>Gespendet von den Dominikanischen Schwestern International<\/em><\/p>\n<p><strong>Dr. Anton Sansour-Stiftungsstipendium<\/strong><br \/>\n<em>Gespendet von Frau Charlene Shoen und einer Gruppe gro\u00dfz\u00fcgiger Spender im Gedenken an Dr. Anton Sansour<\/em><\/p>\n<p><strong>Dr. Breen und Frau Betty Bland-Stiftungsstipendium<\/strong><br \/>\n<em>Gespendet von Dr. Breen und Betty Bland<\/em><\/p>\n<p><strong>Dr. James S. Hall-Stiftungsstipendium<\/strong><br \/>\n<em>Gespendet von Sir Michael J. und Lady Karen M. Hall<\/em>,\u00a0<em>EOHSJ-USA Northwestern Statthalterei<\/em><i><\/i><\/p>\n<p><strong>Dr. Samir Zaki und Mary J. Abu-Ghazaleh gestifteten Stipendium<\/strong><br \/>\n<em>Gespendet von Dr. Samir Zaki und Mary J. Abu-Ghazaleh<\/em><\/p>\n<p><strong>Edward Stork-Stiftungsstipendium<\/strong><br \/>\n<em>Gespendet von der Moley Family Foundation, USA<\/em><\/p>\n<p><strong>Eleanor Stock-Stiftungsstipendium<\/strong><b><br \/>\n<\/b><em>Gespendet von der Moley Family Foundation, USA<\/em><\/p>\n<p><strong>Eliza Moley-Stiftungsstipendium<\/strong><br \/>\n<em>Gespendet von der Moley Family Foundation, USA<\/em><\/p>\n<p><strong>Emilie &amp; Marian Krankenpflege-Stipendium<\/strong><br \/>\n<em>Gespendet von Dr. Hildegard Emilie Charles und Herrn James Linton Charles<\/em><\/p>\n<p><strong>Ritterorden vom Heiligen Grab \u2013 Stipendium der Belgischen Statthalterei<\/strong><br \/>\n<em>Gestiftet vom Ritterorden vom Heiligen Grab \u2013 Belgische Statthalterei, Belgien<\/em><\/p>\n<p><strong>Stipendium f\u00fcr Hotelmanagement des Equestrian Order of England and Wales<\/strong><br \/>\n<em>Gestiftet vom Ritterorden vom Heiligen Grab zu Jerusalem \u2013 Statthalterei England und Wales<\/em><\/p>\n<p><strong>FOBU UK Olive Aid 2014 Stiftungsstipendium<\/strong><br \/>\n<em>Gespendet von Friends of Bethlehem University im Vereinigten K\u00f6nigreich \u2013 Olive Aid Project<\/em><\/p>\n<p><strong>Viertes vom Gro\u00dfmagisterium gestiftetes Stipendium<\/strong><br \/>\n<em>Gestiftet vom Gro\u00dfmagisterium des Ritterordens vom Heiligen Grab zu Jerusalem<\/em><\/p>\n<p><strong>Friends of Bethlehem University \u2013 UK Olive Aid 2016 Stipendium<\/strong><br \/>\n<em>Gespendet von den Friends of Bethlehem University in Gro\u00dfbritannien<\/em><\/p>\n<p><strong>Stipendium der Georges Wick Stiftung<\/strong><br \/>\n<em>Gespendet von der Georges Wick Foundation, Fr. Josef Wick<\/em><\/p>\n<p><strong>Stipendium des Gro\u00dfmagisteriums<\/strong><br \/>\n<em>Gestiftet vom Gro\u00dfmagisterium des Ritterordens vom Heiligen Grab zu Jerusalem<\/em><\/p>\n<p><strong>Stipendium des Gro\u00dfmagisteriums \u2013 Krankenpflege<\/strong><br \/>\n<em>Gestiftet vom Gro\u00dfmagisterium des Ritterordens vom Heiligen Grab zu Jerusalem<\/em><\/p>\n<p><strong>Gro\u00dfmagisterium \u2013 EOHSJ-Stiftungsstipendium<\/strong><br \/>\n<em>Gestiftet vom Gro\u00dfmagisterium des Ritterordens vom Heiligen Grab zu Jerusalem<\/em><\/p>\n<p><strong>Guido A. Ord<b>An<\/b>ez-Stiftungsstipendium f\u00fcr Biowissenschaften<br \/>\n<\/strong><em>Gespendet von Dr. Elizabeth J. Ordonez<\/em><\/p>\n<p><strong>H. Lance Forsdick-Stiftungsstipendium<\/strong><br \/>\n<em>Gespendet von H. Lance Forsdick<\/em><\/p>\n<p><strong>Stipendium der Haas-Stiftung<\/strong><br \/>\n<em>Gespendet von der Chuck and Ellen Haas Foundation, USA<\/em><\/p>\n<p><strong>Sein Hochw\u00fcrdigster Sir Gerald F. Kicanas, DD, KC*HS-Stiftungsstipendium<\/strong><br \/>\n<em>Gespendet von den Freunden von Bischof Kicanas und den Rittern und Damen der EOHSJ in der Di\u00f6zese Tucson, Arizona<\/em><\/p>\n<p><strong>Helen Sidoti Memorial-Stipendium<\/strong><br \/>\n<em>Gespendet von der Familie und Freunden von Helen Sidoti, London, Gro\u00dfbritannien<\/em><\/p>\n<p><strong>Issa und Melia Atallah Memorial-Stipendium<\/strong><br \/>\n<em>Gespendet von Herrn und Frau Sami Atallah<\/em><\/p>\n<p><strong>Ibrahim und Jamileh Mughannam-Stiftungsstipendium<\/strong><i><br \/>\n<em>Gespendet von den Kindern von Ibrahim und Jamileh Mughannam<\/em><\/i><\/p>\n<p><strong>Jan und Gordon Forbes-Stiftungsstipendium<\/strong><b><br \/>\n<\/b><em>Gespendet von Pamela und Robert Mertz und Mitgliedern der Westmoreland Congregational Church UCC in Bethesda, MD<\/em><\/p>\n<p><strong>Joanna Moley-Stiftungsstipendium<\/strong><b><br \/>\n<\/b><em>Gespendet von der Moley Family Foundation, USA<\/em><\/p>\n<p><strong>John Healy Hock-Stiftungsstipendium<\/strong><b><br \/>\n<\/b><em>Gespendet von der Moley Family Foundation, USA<\/em><\/p>\n<p><strong>John Peterson Moley-Stiftungsstipendium<\/strong><br \/>\n<em>Gespendet von der Moley Family Foundation, USA<\/em><\/p>\n<p><strong>Kate Moley-Stiftungsstipendium<\/strong><br \/>\n<em>Gespendet von der Moley Family Foundation, USA<\/em><br \/>\n<strong><br \/>\nStipendium der Ladah Foundation<\/strong><br \/>\n<em>Gespendet von der Ladah Foundation<\/em><\/p>\n<p><strong>Lady Anita M. Finie-Stiftungsstipendium<\/strong><br \/>\n<em>Gespendet von Lady Anita M. Finie, EOHSJ \u2013 USA Western Statthalterei<\/em><\/p>\n<p><strong>Lady Rose Bente Lee-Stiftungsstipendium<\/strong><br \/>\n<em>Gespendet aus dem Nachlass von Lady Rose Bente Lee \u2013 EOHSJ \u2013 USA Middle Atlantic Lieutenancy<\/em><\/p>\n<p><strong>Madeleine und Shehadeh Botto-Stiftungsstipendium<\/strong><br \/>\n<em>Gespendet von ihren Kindern und Enkeln<\/em><\/p>\n<p><strong>Margaret Sa&#039;d-Stiftungsstipendium<\/strong><br \/>\n<em>Gespendet von Frau Najwa Sa&#039;d, Herrn Jamal Sa&#039;d und einer Gruppe gro\u00dfz\u00fcgiger Spender<\/em><i><\/i><\/p>\n<p><strong>Stipendium der Familie Marjorie Galvin<\/strong><br \/>\n<em>Gespendet von Frau Marjorie Galvin<\/em><\/p>\n<p><strong>Mary Frances Hock-Stiftungsstipendium<\/strong><br \/>\n<em>Gespendet von der Moley Family Foundation, USA<\/em><\/p>\n<p><strong>Mary Westhoff Abu-Ghazaleh-Stiftungsstipendium<\/strong><br \/>\n<em>Gespendet von Dr. Samir Zaki und Mary J. Abu-Ghazaleh<\/em><\/p>\n<p><strong>Mohammad Al \u2013 Okar-Stiftungsstipendium<\/strong><br \/>\n<em>Gespendet von Herrn Mohammad Al-Okar, Doha-Katar<\/em><\/p>\n<p><strong>Mr. Dave Stannard Stiftungsstipendium<\/strong><br \/>\n<em>Gespendet von Herrn Dave Stannard<\/em><\/p>\n<p><strong>Herr Enrique Elsaca Saud-Stiftungsstipendium<\/strong><br \/>\n<em>Gespendet von Familia Elsaca Merino<\/em><\/p>\n<p><strong>Herr Frank J. Bremser-Stiftungsstipendium<\/strong><br \/>\n<em>Gespendet vom verstorbenen Herrn Frank J. Bremser<\/em><\/p>\n<p><strong>Herr Harold und Frau Anna Mary Smith stifteten ein Stipendium<\/strong><br \/>\n<em>Gespendet von Bruder Dominic Smith, FSC und einer Gruppe gro\u00dfz\u00fcgiger Spender zum Gedenken an Herrn Harold und Frau Anna Mary Smith<\/em><\/p>\n<p><strong>Frau Suad Juffali-Stiftungsstipendium<\/strong><br \/>\n<em>Gespendet von Frau Suad Juffali, K\u00f6nigreich Saudi-Arabien<\/em><\/p>\n<p><strong>Msgr. Thomas Merson-Stiftungsstipendium<\/strong><br \/>\n<em>Gespendet vom Ritterorden vom Heiligen Grab zu Jerusalem \u2013 Statthalterei Northwestern der USA<\/em><\/p>\n<p><strong>Naseem Shqueir-Stiftungsstipendium<\/strong><br \/>\n<em>Gespendet von Dr. Adnan und Frau Fatina Shqueir und einer Gruppe gro\u00dfz\u00fcgiger Spender zum Gedenken an Naseem Shqueir<\/em><\/p>\n<p><strong>Natalia Jacir De Siman-Stiftungsstipendium<\/strong><br \/>\n<em>Gespendet von der Siman Family Foundation<\/em><\/p>\n<p><strong>Nelly Hirmas de Elsaca-Stiftungsstipendium<\/strong><br \/>\n<em>Gespendet von Familia Elsaca Hirmas<\/em><\/p>\n<p><strong>Patricia Barbernitz-Stiftungsstipendium<\/strong><br \/>\n<em>Gespendet von der St. John the Evangelist Roman Catholic Community of Columbia, MD<\/em><\/p>\n<p><strong>Regina (Deik) Abu Zarur-Stiftungsstipendium<\/strong><br \/>\n<em>Von den S\u00f6hnen und T\u00f6chtern von Joseph und Regina Abu Zarur<\/em><\/p>\n<p><strong>Richard und Elizabeth Moley-Stiftungsstipendium<\/strong><br \/>\n<em>Gespendet von der Moley Family Foundation, USA<\/em><\/p>\n<p><strong>Robert J. O&#039;Neill-Stiftungsstipendium<\/strong><br \/>\n<em>Gespendet von Herrn Robert J. O&#039;Neill, USA<\/em><\/p>\n<p><strong>Stipendium des Heiligen Pedro Poveda<\/strong><br \/>\n<em>Mitglieder der Teresianischen Vereinigung<\/em><\/p>\n<p><strong>Samira Al-Araj Hassassian-Stiftungsstipendium<\/strong><br \/>\n<em>Gespendet von einer Gruppe gro\u00dfz\u00fcgiger Spender zum Gedenken an Samira Al-Araj Hassassian<\/em><\/p>\n<p><strong>Stipendium der Familie Siman<\/strong><br \/>\n<em>Gespendet von der Familie Siman, USA<\/em><\/p>\n<p><strong>Sir Albert E. und Lady Lily S. Hazbun gestifteten Stipendium<\/strong><br \/>\n<em>Gespendet von der Familie des verstorbenen Sir Albert Hazbun<\/em><\/p>\n<p><strong>Sir Alfred J. Blasco Memorial-Stipendium<\/strong><br \/>\n<em>Gespendet vom Ritterorden vom Heiligen Grab zu Jerusalem \u2013 USA Northern Statthalterei<\/em><\/p>\n<p><strong>Sir James P. Miscoll-Stiftungsstipendium<\/strong><br \/>\n<em>Gespendet von Lady Ingeburg Miscoll und Herrn und Frau John Linsenmeyer<\/em><\/p>\n<p><strong>Sir Martin Hall-Stiftungsstipendium<\/strong><br \/>\n<em>Gespendet von Sir Michael J. und Lady Karen M. Hall, EOHSJ-USA Northwestern Statthalterei<\/em><\/p>\n<p><strong>S\u00f6hne und T\u00f6chter von Joseph und Regina Abu Zarur stifteten ein Stipendium<\/strong><br \/>\n<em>Zum Gedenken an Fr\u00e8re Etienne Armand, Direktor des College Des Fr\u00e8res, Bethlehem<\/em><br \/>\n<strong><br \/>\nS\u00f6hne und T\u00f6chter von Joseph und Regina Abu Zarur stifteten ein Stipendium<\/strong><br \/>\n<em>Im Gedenken an Pater Paolo Mastrangeli, OFM, Direktor des Terra Sancta Franciscan College Bethlehem<\/em><i><\/i><\/p>\n<p><strong>S\u00f6hne und T\u00f6chter von Joseph und Regina Abu Zarur stifteten ein Stipendium<\/strong><b><br \/>\n<\/b><em>In Erinnerung an Joseph und Regina Abu Zarur<\/em><\/p>\n<p><strong>Stephen J. &amp; Helen M. Flahavan Stiftungsstipendium<\/strong><br \/>\n<em>Gespendet von Colonel Richard S. Flahavan, KCHS<\/em><\/p>\n<p><strong>Suleiman O. Kattan und Mary J. Giacaman Stiftungsstipendium<\/strong><br \/>\n<em>Gespendet von Herrn Anton Kattan<\/em><\/p>\n<p><strong>Summerhayes-Stiftungsstipendium f\u00fcr Krankenpflege<\/strong><br \/>\n<em>Gespendet von Frau Hilary Shaw<\/em><\/p>\n<p><strong>Summerhayes-Stiftungsstipendium f\u00fcr Religionswissenschaft<\/strong><br \/>\n<em>Gespendet von Frau Hilary Shaw<\/em><\/p>\n<p><strong>Das Alfred und Mary Graner-Stiftungsstipendium<\/strong><br \/>\n<em>Gespendet von Frau Alice M. Graner<\/em><\/p>\n<p><strong>Die Arab-Pal\u00e4stinensische Investmentgesellschaft hat ein Stipendium gestiftet<\/strong><br \/>\n<em>Gespendet von der Arab Pal\u00e4stinensischen Investment Company (APIC) \u2013 Pal\u00e4stina-Jordanien<\/em><\/p>\n<p><strong>Das von Hani Abu-Dayyeh gestiftete Stipendium f\u00fcr Gastgewerbe und Tourismus zu Ehren von Herrn Emil und Frau Wedad Abu-Dayyeh<\/strong><br \/>\n<em>Gespendet von Herrn Hani Abu-Dayyeh<\/em><\/p>\n<p><strong>Das Murray F. Milne-Stiftungsstipendium<\/strong><br \/>\n<em>Gespendet von Sr. Mary Kay Milne, OSU, Jerusalem<\/em><\/p>\n<p><strong>Das von Musallam und Oafa Eadeh gestiftete Stipendium<\/strong><br \/>\n<em>Gespendet von Herrn und Frau Ed Eadeh, Australien<\/em><\/p>\n<p><strong>Stiftungsstipendium der Freunde der Universit\u00e4t Bethlehem der Vereinigten Arabischen Emirate<\/strong><br \/>\n<em>Gespendet von den Freunden der Bethlehem University \u2013 Vereinigte Arabische Emirate<\/em><\/p>\n<p><strong>Stipendium der Familie Willet<\/strong><br \/>\n<em>Gespendet vom Equestrian Order of the Holy Sepulchre \u2013 USA Northwestern Lieutenancy<\/em><\/p>\n<p><strong>William Hock-Stiftungsstipendium<\/strong><br \/>\n<em>Gespendet von der Moley Family Foundation, USA<\/em><\/p>\n<\/div>","protected":false},"excerpt":{"rendered":"","protected":false},"author":1,"featured_media":0,"parent":0,"menu_order":0,"comment_status":"closed","ping_status":"closed","template":"","meta":{"_acf_changed":false,"inline_featured_image":false,"footnotes":""},"class_list":["post-2022","page","type-page","status-publish","hentry"],"acf":[],"_links":{"self":[{"href":"https:\/\/bufusa.org\/de\/wp-json\/wp\/v2\/pages\/2022","targetHints":{"allow":["GET"]}}],"collection":[{"href":"https:\/\/bufusa.org\/de\/wp-json\/wp\/v2\/pages"}],"about":[{"href":"https:\/\/bufusa.org\/de\/wp-json\/wp\/v2\/types\/page"}],"author":[{"embeddable":true,"href":"https:\/\/bufusa.org\/de\/wp-json\/wp\/v2\/users\/1"}],"replies":[{"embeddable":true,"href":"https:\/\/bufusa.org\/de\/wp-json\/wp\/v2\/comments?post=2022"}],"version-history":[{"count":8,"href":"https:\/\/bufusa.org\/de\/wp-json\/wp\/v2\/pages\/2022\/revisions"}],"predecessor-version":[{"id":2031,"href":"https:\/\/bufusa.org\/de\/wp-json\/wp\/v2\/pages\/2022\/revisions\/2031"}],"wp:attachment":[{"href":"https:\/\/bufusa.org\/de\/wp-json\/wp\/v2\/media?parent=2022"}],"curies":[{"name":"wp","href":"https:\/\/api.w.org\/{rel}","templated":true}]}}