{"id":9501,"date":"2025-08-28T14:46:16","date_gmt":"2025-08-28T18:46:16","guid":{"rendered":"https:\/\/bufusa.org\/?page_id=9501"},"modified":"2026-02-10T15:38:07","modified_gmt":"2026-02-10T20:38:07","slug":"tucson25","status":"publish","type":"page","link":"https:\/\/bufusa.org\/de\/tucson25\/","title":{"rendered":"Herbstempfang 2025 der BUF Tucson"},"content":{"rendered":"<div id=\"block_0a8c101452d9b85e0b581d1537bb1733\" class=\"wysiwyg bb-zerobelow page-width\"><h2><span style=\"color: #062d68\"><em>Sie sind eingeladen<\/em><\/span><\/h2>\n<p>Nehmen Sie an unserer besonderen Nachmittagsveranstaltung teil, bei der wir die Geschichte, den Einfluss und die Bedeutung der Bethlehem University, der ersten und einzigen katholischen Universit\u00e4t im Heiligen Land, feiern. Dieser kleine regionale Empfang bietet die Gelegenheit, Nachbarn und Gleichgesinnte kennenzulernen, die sich f\u00fcr Gerechtigkeit durch Bildung einsetzen.<\/p>\n<p><strong><span style=\"color: #062d68\">Ausgew\u00e4hlter Sprecher<\/span><\/strong><br \/>\nBruder Jack Curran, FSC<br \/>\nVizepr\u00e4sident f\u00fcr F\u00f6rderung<br \/>\nUniversit\u00e4t Bethlehem<\/p>\n<p><span style=\"color: #062d68\"><strong>Samstag, 11. Oktober 2025<\/strong><\/span><br \/>\n15:00 Uhr<br \/>\nHeimat von Marcel Dabdoub<br \/>\n3430 E Placita de la Jolla del Sol<br \/>\nTucson, AZ 85718<\/p>\n<p>Die gro\u00dfz\u00fcgigen Mitglieder unseres Stiftungsrats, Bischof Gerald Kicanas, Ann Dickson und Marcel Dabdoub, laden Sie ein, zu erfahren, wie die Universit\u00e4t weiterhin ein Instrument der Hoffnung f\u00fcr die pal\u00e4stinensische Gemeinschaft ist und weiterhin Generationen von F\u00fchrungspers\u00f6nlichkeiten aus dem Heiligen Land st\u00e4rkt.<\/p>\n<p><strong><span style=\"color: #062d68\">RSVP | Fragen<\/span><\/strong><br \/>\ninfo@bufusa.org<br \/>\n240-241-4381<\/p>\n<\/div>\n\n\r\n\r\n\t<div id=\"block_73d2d0fa381d0343091608c38ee99c8b\" class=\"row row--default container--horizontal row-break--4 background-color--none page-width vertical-align--top\">\r\n\t\t<!-- Image Error (Could not load $image) -->\t\t<div class=\"row__inner-container\">\r\n\t\t\t\n\r\n<div id=\"block_d16feec6ef66cc6537748554a3748cb0\" class=\"image page-width\">\r\n\t<div class=\"i72-image cover\" role=\"img\" title=\"DSC_1736\" aria-label=\"\" data-srcset=\"https:\/\/bufusa.org\/wp-content\/uploads\/2025\/06\/DSC_1736.jpeg 3000w 3000h,https:\/\/bufusa.org\/wp-content\/uploads\/2025\/06\/DSC_1736-300x169.jpeg 300w 169h,https:\/\/bufusa.org\/wp-content\/uploads\/2025\/06\/DSC_1736-768x432.jpeg 768w 432h,https:\/\/bufusa.org\/wp-content\/uploads\/2025\/06\/DSC_1736-1024x576.jpeg 1024w 576h,https:\/\/bufusa.org\/wp-content\/uploads\/2025\/06\/DSC_1736-1536x864.jpeg 1536w 864h,https:\/\/bufusa.org\/wp-content\/uploads\/2025\/06\/DSC_1736.jpeg 1920w 1080h,https:\/\/bufusa.org\/wp-content\/uploads\/2025\/06\/DSC_1736-18x10.jpeg 18w 10h,https:\/\/bufusa.org\/wp-content\/uploads\/2025\/06\/DSC_1736-150x84.jpeg 150w 84h,https:\/\/bufusa.org\/wp-content\/uploads\/2025\/06\/DSC_1736-1280x720.jpeg 1280w 720h,https:\/\/bufusa.org\/wp-content\/uploads\/2025\/06\/DSC_1736.jpeg 1920w 1080h\" data-original-width=\"1920\" data-original-height=\"1080\"><\/div><\/div>\n\n\r\n<div id=\"block_34d40abf443d686d1246a6778a4c9285\" class=\"image page-width\">\r\n\t<div class=\"i72-image cover\" role=\"img\" title=\"Wissenschaftsmesse\" aria-label=\"\" data-srcset=\"https:\/\/bufusa.org\/wp-content\/uploads\/2025\/04\/science-fair.jpg 3000w 3000h,https:\/\/bufusa.org\/wp-content\/uploads\/2025\/04\/science-fair-300x200.jpg 300w 200h,https:\/\/bufusa.org\/wp-content\/uploads\/2025\/04\/science-fair-768x512.jpg 768w 512h,https:\/\/bufusa.org\/wp-content\/uploads\/2025\/04\/science-fair-1024x683.jpg 1024w 683h,https:\/\/bufusa.org\/wp-content\/uploads\/2025\/04\/science-fair-1536x1024.jpg 1536w 1024h,https:\/\/bufusa.org\/wp-content\/uploads\/2025\/04\/science-fair.jpg 2048w 1365h,https:\/\/bufusa.org\/wp-content\/uploads\/2025\/04\/science-fair-18x12.jpg 18w 12h,https:\/\/bufusa.org\/wp-content\/uploads\/2025\/04\/science-fair-150x100.jpg 150w 100h,https:\/\/bufusa.org\/wp-content\/uploads\/2025\/04\/science-fair-1280x853.jpg 1280w 853h,https:\/\/bufusa.org\/wp-content\/uploads\/2025\/04\/science-fair.jpg 2048w 1365h\" data-original-width=\"2048\" data-original-height=\"1365\"><\/div><\/div>\n\r\n\t\t<\/div>\r\n\t\t\t<\/div>","protected":false},"excerpt":{"rendered":"","protected":false},"author":1,"featured_media":0,"parent":0,"menu_order":0,"comment_status":"closed","ping_status":"closed","template":"","meta":{"_acf_changed":false,"inline_featured_image":false,"footnotes":""},"class_list":["post-9501","page","type-page","status-publish","hentry"],"acf":[],"_links":{"self":[{"href":"https:\/\/bufusa.org\/de\/wp-json\/wp\/v2\/pages\/9501","targetHints":{"allow":["GET"]}}],"collection":[{"href":"https:\/\/bufusa.org\/de\/wp-json\/wp\/v2\/pages"}],"about":[{"href":"https:\/\/bufusa.org\/de\/wp-json\/wp\/v2\/types\/page"}],"author":[{"embeddable":true,"href":"https:\/\/bufusa.org\/de\/wp-json\/wp\/v2\/users\/1"}],"replies":[{"embeddable":true,"href":"https:\/\/bufusa.org\/de\/wp-json\/wp\/v2\/comments?post=9501"}],"version-history":[{"count":11,"href":"https:\/\/bufusa.org\/de\/wp-json\/wp\/v2\/pages\/9501\/revisions"}],"predecessor-version":[{"id":10243,"href":"https:\/\/bufusa.org\/de\/wp-json\/wp\/v2\/pages\/9501\/revisions\/10243"}],"wp:attachment":[{"href":"https:\/\/bufusa.org\/de\/wp-json\/wp\/v2\/media?parent=9501"}],"curies":[{"name":"wp","href":"https:\/\/api.w.org\/{rel}","templated":true}]}}