{"id":1455,"date":"2023-10-24T16:28:00","date_gmt":"2023-10-24T16:28:00","guid":{"rendered":"http:\/\/bethlehem.i72dev.com\/?page_id=1455"},"modified":"2024-02-21T11:55:06","modified_gmt":"2024-02-21T16:55:06","slug":"about-us","status":"publish","type":"page","link":"https:\/\/bufusa.org\/fr\/about-us\/","title":{"rendered":"\u00c0 propos de nous"},"content":{"rendered":"<div id=\"block_07cd4792eb7fa41f3ef51928a620440e\" class=\"wysiwyg page-width\"><p><strong>La Bethlehem University Foundation est une organisation \u00e0 but non lucratif enregistr\u00e9e aux \u00c9tats-Unis selon le type 501(c)(3) et charg\u00e9e d&#039;aider l&#039;Universit\u00e9 de Bethl\u00e9em (en Terre Sainte) \u00e0 r\u00e9aliser sa mission et \u00e0 promouvoir l&#039;Universit\u00e9 de Bethl\u00e9em aux \u00c9tats-Unis.<\/strong><\/p>\n<p>La Fondation permet aux citoyens am\u00e9ricains de faire\u00a0<em>cadeaux d\u00e9ductibles d&#039;imp\u00f4t<\/em>\u00a0en soutien \u00e0 la mission de l&#039;Universit\u00e9 de Bethl\u00e9em.<\/p>\n<p>La Fondation verse une subvention annuelle \u00e0 partir de ses fonds de dotation et fournit une subvention mensuelle sous forme de dons sp\u00e9cifi\u00e9s par les donateurs \u00e0 l&#039;Universit\u00e9 de Bethl\u00e9em.<\/p>\n<p>Bas\u00e9e \u00e0 Beltsville, dans le Maryland, et constitu\u00e9e dans l&#039;\u00c9tat du New Jersey, la Fondation est r\u00e9gie par son conseil d&#039;administration. La Fondation collecte des fonds dans trois buts\u00a0:<\/p>\n<ol>\n<li>Dons d\u00e9sign\u00e9s par les donateurs pour des projets \u00e0 l&#039;Universit\u00e9 de Bethl\u00e9em<\/li>\n<li>Dons pour les fonds de dotation de la Fondation, qui sont des \u00ab dons \u00e9ternels \u00bb qui cr\u00e9ent un avenir durable et \u00e0 long terme pour l&#039;Universit\u00e9 de Bethl\u00e9em<\/li>\n<li>Dons pour le Fonds Annuel, qui permet \u00e0 la Fondation de r\u00e9pondre directement aux besoins de l&#039;Universit\u00e9 de Bethl\u00e9em<\/li>\n<\/ol>\n<p>Fondation de l&#039;Universit\u00e9 de Bethl\u00e9em EIN: 22-3600739<\/p>\n<\/div>","protected":false},"excerpt":{"rendered":"","protected":false},"author":1,"featured_media":0,"parent":0,"menu_order":0,"comment_status":"closed","ping_status":"closed","template":"","meta":{"_acf_changed":false,"inline_featured_image":false,"footnotes":""},"class_list":["post-1455","page","type-page","status-publish","hentry"],"acf":[],"_links":{"self":[{"href":"https:\/\/bufusa.org\/fr\/wp-json\/wp\/v2\/pages\/1455","targetHints":{"allow":["GET"]}}],"collection":[{"href":"https:\/\/bufusa.org\/fr\/wp-json\/wp\/v2\/pages"}],"about":[{"href":"https:\/\/bufusa.org\/fr\/wp-json\/wp\/v2\/types\/page"}],"author":[{"embeddable":true,"href":"https:\/\/bufusa.org\/fr\/wp-json\/wp\/v2\/users\/1"}],"replies":[{"embeddable":true,"href":"https:\/\/bufusa.org\/fr\/wp-json\/wp\/v2\/comments?post=1455"}],"version-history":[{"count":25,"href":"https:\/\/bufusa.org\/fr\/wp-json\/wp\/v2\/pages\/1455\/revisions"}],"predecessor-version":[{"id":5280,"href":"https:\/\/bufusa.org\/fr\/wp-json\/wp\/v2\/pages\/1455\/revisions\/5280"}],"wp:attachment":[{"href":"https:\/\/bufusa.org\/fr\/wp-json\/wp\/v2\/media?parent=1455"}],"curies":[{"name":"wp","href":"https:\/\/api.w.org\/{rel}","templated":true}]}}