{"id":1482,"date":"2023-10-24T16:47:44","date_gmt":"2023-10-24T16:47:44","guid":{"rendered":"http:\/\/bethlehem.i72dev.com\/?page_id=1482"},"modified":"2025-07-30T10:00:41","modified_gmt":"2025-07-30T14:00:41","slug":"stay-informed","status":"publish","type":"page","link":"https:\/\/bufusa.org\/fr\/stay-informed\/","title":{"rendered":"Rester inform\u00e9"},"content":{"rendered":"<div id=\"block_43fe4b5dcee10e8c695a0f132fef48b8\" class=\"paragraph paragraph--cta align-left page-width\">\r\n\t\t\t<div class=\"paragraph__inner-container\">\r\n\t\t\t\t\t<h2 class=\"paragraph__title\">Soyez au courant !<\/h2>\r\n\t\t\t\t\t\t\t<div class=\"paragraph__text\"><p>Rester inform\u00e9 est essentiel et facile<\/p>\n<\/div>\r\n\t\t\t\t\t<\/div>\r\n<\/div>\n\n\r\n\r\n\t<div id=\"block_d48ad55481bcb480c197222bb7262edf\" class=\"background container--vertical background-color--F5F6F7 page-width\">\r\n\t\t<!-- Image Error (Could not load $image) -->\t\t<div class=\"background__inner-container\">\r\n\t\t\t\n\r\n<div id=\"block_426cd16f0e3be9e2e0ddebbfd42066e5\" class=\"quick-links align-left page-width\">\r\n\t<div class=\"quick-links__inner-container\">\r\n\t\t\t\t\t<h2 class=\"quick-links__title\">D\u00e9couvrez nos derni\u00e8res<\/h2>\r\n\t\t\t\t\t\t\t\t<a class=\"quick-links__button button button-color--yellow\" href=\"https:\/\/bufusa.org\/fr\/blog\/\" target=\"_self\" aria-label=\"Lien vers\u00a0:\u00a0Blogs\">Blogues<\/a>\r\n\t\t\t\t\t\t\t<a class=\"quick-links__button button button-color--yellow\" href=\"https:\/\/bufusa.org\/fr\/weekly-updates\/\" target=\"_self\" aria-label=\"Lien vers\u00a0:\u00a0Mises \u00e0 jour hebdomadaires\">Mises \u00e0 jour hebdomadaires<\/a>\r\n\t\t\t\t\t\t\t<a class=\"quick-links__button button button-color--yellow\" href=\"https:\/\/bufusa.org\/fr\/news\/\" target=\"_self\" aria-label=\"Lien vers\u00a0: Actualit\u00e9s \/ Annonces\">Actualit\u00e9s \/ Annonces<\/a>\r\n\t\t\t\t<\/div>\r\n<\/div>\n\r\n\t\t<\/div>\r\n\t<\/div>\r\n\r\n\n\n\r\n<div id=\"block_a961580cbd0e8b51890e43aea2315a7f\" class=\"paragraph paragraph--cta align-center page-width\">\r\n\t\t\t<div class=\"paragraph__inner-container\">\r\n\t\t\t\t\t\t\t<div class=\"paragraph__text\"><div id=\"qHtFpKSGgJ\">\n<p>    <\/p>\n<\/div>\n<\/div>\r\n\t\t\t\t\t<\/div>\r\n<\/div>\n\n\r\n<div id=\"block_97ea5cdef94a866d201ea4f7d74eef58\" class=\"paragraph paragraph--cta align-center page-width\">\r\n\t\t\t<div class=\"paragraph__inner-container\">\r\n\t\t\t\t\t\t\t<div class=\"paragraph__text\"><p><i>Avez-vous d\u00e9m\u00e9nag\u00e9, modifi\u00e9 votre adresse e-mail, votre num\u00e9ro de t\u00e9l\u00e9phone ou votre nom de famille\u00a0?<\/i><\/p>\n<p>Faites-le-nous savoir \u00e9galement. Remplissez ce court formulaire et nous mettrons \u00e0 jour notre base de donn\u00e9es afin que vous ne manquiez pas d&#039;annonces importantes, de nouvelles mises \u00e0 jour et d&#039;histoires inspirantes.<\/p>\n<\/div>\r\n\t\t\t\t\t\t\t<a class=\"paragraph__button button button-color--blue\" href=\"https:\/\/bufusa.org\/fr\/contact-us\/\" target=\"_self\" aria-label=\"Lien vers : Contactez-nous\">Contactez-nous<\/a>\r\n\t\t\t<\/div>\r\n<\/div>","protected":false},"excerpt":{"rendered":"","protected":false},"author":1,"featured_media":0,"parent":0,"menu_order":0,"comment_status":"closed","ping_status":"closed","template":"","meta":{"_acf_changed":false,"inline_featured_image":false,"footnotes":""},"class_list":["post-1482","page","type-page","status-publish","hentry"],"acf":[],"_links":{"self":[{"href":"https:\/\/bufusa.org\/fr\/wp-json\/wp\/v2\/pages\/1482","targetHints":{"allow":["GET"]}}],"collection":[{"href":"https:\/\/bufusa.org\/fr\/wp-json\/wp\/v2\/pages"}],"about":[{"href":"https:\/\/bufusa.org\/fr\/wp-json\/wp\/v2\/types\/page"}],"author":[{"embeddable":true,"href":"https:\/\/bufusa.org\/fr\/wp-json\/wp\/v2\/users\/1"}],"replies":[{"embeddable":true,"href":"https:\/\/bufusa.org\/fr\/wp-json\/wp\/v2\/comments?post=1482"}],"version-history":[{"count":10,"href":"https:\/\/bufusa.org\/fr\/wp-json\/wp\/v2\/pages\/1482\/revisions"}],"predecessor-version":[{"id":9255,"href":"https:\/\/bufusa.org\/fr\/wp-json\/wp\/v2\/pages\/1482\/revisions\/9255"}],"wp:attachment":[{"href":"https:\/\/bufusa.org\/fr\/wp-json\/wp\/v2\/media?parent=1482"}],"curies":[{"name":"wp","href":"https:\/\/api.w.org\/{rel}","templated":true}]}}