{"id":1486,"date":"2023-10-24T16:48:04","date_gmt":"2023-10-24T16:48:04","guid":{"rendered":"http:\/\/bethlehem.i72dev.com\/?page_id=1486"},"modified":"2025-09-08T15:17:51","modified_gmt":"2025-09-08T19:17:51","slug":"patrons","status":"publish","type":"page","link":"https:\/\/bufusa.org\/fr\/patrons\/","title":{"rendered":"M\u00e9c\u00e8nes"},"content":{"rendered":"<div id=\"block_949907486e836197475a13ff618fb412\" class=\"background container--vertical background-color--0061AA bb-focusRow1 page-width\">\r\n\t\t<!-- Image Error (Could not load $image) -->\t\t<div class=\"background__inner-container\">\r\n\t\t\t\n\r\n<div id=\"block_40fa198759224fc1637c75bd4e8ddc8b\" class=\"wysiwyg .bb-blue page-width\"><p class=\"bb-p150pct\"><span style=\"color: #062D68\">Created by the Board of Directors of the Bethlehem University Foundation, the Patrons of BUF are individuals or couples who make a qualifying gift to the Patrons Endowed Fund.<\/span><\/p>\n<p class=\"bb-p150pct\"><span style=\"color: #062D68\">The Patrons Endowed Fund, a board-restricted fund, ensures a sustainable future for Bethlehem University and the Bethlehem University Foundation. A gift to the Patrons Endowed Fund is a \u201cforever gift&#8221; that allows the Foundation to grow the endowment to better fulfill its mission of supporting Bethlehem University.<\/span><\/p>\n<p class=\"bb-p150pct\"><span style=\"color: #062D68\">This endowment is managed by the Board of Directors of the Bethlehem University Foundation and is invested in the United States with T. Rowe Price.<\/span><\/p>\n<\/div>\n\n\r\n\r\n\t<div id=\"block_f875c1ccf05e4c9dbe25a060b456b4fd\" class=\"split container--horizontal split-size--33 background-color--none page-width vertical-align--middle\">\r\n\t\t<!-- Image Error (Could not load $image) -->\t\t<div class=\"split__inner-container\">\r\n\t\t\t\n\r\n<div id=\"block_769b9aa93df1182faecdf1b3c908dd27\" class=\"image page-width\">\r\n\t<div class=\"i72-image contain\" role=\"img\" title=\"logo2\" aria-label=\"Logo des m\u00e9c\u00e8nes\" data-srcset=\"https:\/\/bufusa.org\/wp-content\/uploads\/2023\/11\/logo2.png 3000w 3000h,https:\/\/bufusa.org\/wp-content\/uploads\/2023\/11\/logo2-300x300.png 300w 300h,https:\/\/bufusa.org\/wp-content\/uploads\/2023\/11\/logo2.png 567w 567h,https:\/\/bufusa.org\/wp-content\/uploads\/2023\/11\/logo2.png 567w 567h,https:\/\/bufusa.org\/wp-content\/uploads\/2023\/11\/logo2.png 567w 567h,https:\/\/bufusa.org\/wp-content\/uploads\/2023\/11\/logo2.png 567w 567h,https:\/\/bufusa.org\/wp-content\/uploads\/2023\/11\/logo2-12x12.png 12w 12h,https:\/\/bufusa.org\/wp-content\/uploads\/2023\/11\/logo2-150x150.png 150w 150h,https:\/\/bufusa.org\/wp-content\/uploads\/2023\/11\/logo2.png 567w 567h,https:\/\/bufusa.org\/wp-content\/uploads\/2023\/11\/logo2.png 567w 567h\" data-original-width=\"567\" data-original-height=\"567\"><\/div><\/div>\n\n\r\n<div id=\"block_babd8635221007f723b00d17dd8bd553\" class=\"wysiwyg page-width\"><h5>Les trois niveaux de m\u00e9c\u00e8nes<\/h5>\n<ul>\n<li>Bronze&#8211;for gifts totaling $25,000 to the Patrons Endowment<\/li>\n<li>Argent\u00a0\u2013 pour $50\u00a0000 \u00e0 vie, don \u00e0 la Fondation des m\u00e9c\u00e8nes<\/li>\n<li>Or \u2013 pour $100 000 \u00e0 vie, don \u00e0 la Fondation des m\u00e9c\u00e8nes<\/li>\n<\/ul>\n<p>The title of <em>Legacy Patron<\/em> is bestowed on individuals or couples who have generously supported the work of the Bethlehem University Foundation by creating an enduring legacy through scholarships, endowments, building projects, or other means of support.<\/p>\n<p>Apprenez-en davantage sur la fa\u00e7on de devenir m\u00e9c\u00e8ne en contactant la Fondation de l&#039;Universit\u00e9 de Bethl\u00e9em, 240-241-4381.<\/p>\n<p>BUFUSA Patrons are recognized throughout the year.<\/p>\n<\/div>\n\r\n\t\t<\/div>\r\n\t<\/div>\r\n\r\n\n\n\r\n<div id=\"block_c09c60ba7c32d2c576e49fd2660a2f9c\" class=\"link-button align-center page-width\">\r\n\t<a class=\"button button-color--blue\" href=\"https:\/\/bufusa.org\/wp-content\/uploads\/2023\/12\/Patron-of-BUF-Pledge-Agreement.pdf\" target=\"_blank\" aria-label=\"Link to: Become a BUFUSA Patron Today--Download the Pledge Form\">Become a BUFUSA Patron Today&#8211;Download the Pledge Form<\/a>\r\n<\/div>\n\r\n\t\t<\/div>\r\n\t<\/div>\r\n\r\n\n\n\n<div style=\"height:30px\" aria-hidden=\"true\" class=\"wp-block-spacer\"><\/div>\n\n\n\r\n\r\n\t<div id=\"block_d2c19a0a8a4e84f0497cfa582723cce1\" class=\"split container--horizontal split-size--50 background-color--none page-width vertical-align--top\">\r\n\t\t<!-- Image Error (Could not load $image) -->\t\t<div class=\"split__inner-container\">\r\n\t\t\t\n\r\n<div id=\"block_40f99cc23411322023d698e77494f5d6\" class=\"paragraph paragraph--default align-left page-width\">\r\n\t\t\t<div class=\"paragraph__inner-container\">\r\n\t\t\t\t\t\t\t<div class=\"paragraph__text\"><div id=\"attachment_8728\" style=\"width: 510px\" class=\"wp-caption alignnone\"><img loading=\"lazy\" decoding=\"async\" aria-describedby=\"caption-attachment-8728\" class=\"size-large wp-image-8728\" src=\"https:\/\/bufusa.org\/wp-content\/uploads\/2025\/04\/Salem_George_Rhonda_Silver-Patrons_BUF_Award_Reception_24_242126-1024x683.jpg\" alt=\"George and Rhonda Salem receive Silver Patrons Award Nov 2024\" width=\"500\" height=\"520\" \/><p id=\"caption-attachment-8728\" class=\"wp-caption-text\">George and Rhonda Salem receive Silver Patrons Award Nov 2024<\/p><\/div>\n<\/div>\r\n\t\t\t\t\t<\/div>\r\n<\/div>\n\n\r\n<div id=\"block_2582e88859e5b285d974622eaf0d196c\" class=\"paragraph paragraph--default align-left page-width\">\r\n\t\t\t<div class=\"paragraph__inner-container\">\r\n\t\t\t\t\t\t\t<div class=\"paragraph__text\"><div id=\"attachment_8727\" style=\"width: 510px\" class=\"wp-caption alignnone\"><img loading=\"lazy\" decoding=\"async\" aria-describedby=\"caption-attachment-8727\" class=\"size-large wp-image-8727\" src=\"https:\/\/bufusa.org\/wp-content\/uploads\/2025\/04\/Chopko_Mark_Jane_Silver-Patrons_BUF_Award_Reception_24_242119-1024x683.jpg\" alt=\"Mark and Jane Chopko receive Silver Patrons Award Nov 2024\" width=\"500\" height=\"520\" \/><p id=\"caption-attachment-8727\" class=\"wp-caption-text\">Mark and Jane Chopko receive Silver Patrons Award Nov 2024<\/p><\/div>\n<\/div>\r\n\t\t\t\t\t<\/div>\r\n<\/div>\n\r\n\t\t<\/div>\r\n\t<\/div>\r\n\r\n\n\n\r\n\r\n\t<div id=\"block_939f09a4db758be928296193acdecb87\" class=\"background container--vertical background-color--F5F6F7 page-width\">\r\n\t\t<!-- Image Error (Could not load $image) -->\t\t<div class=\"background__inner-container\">\r\n\t\t\t\n\r\n\r\n\t<div id=\"block_e8ef27618741b9309f090b4123c9c1d2\" class=\"row row--default container--horizontal row-break--4 background-color--none page-width vertical-align--top\">\r\n\t\t<!-- Image Error (Could not load $image) -->\t\t<div class=\"row__inner-container\">\r\n\t\t\t\n\r\n<div id=\"block_0c5f6b672e8462cb328d12270591cdcf\" class=\"paragraph paragraph--default align-left page-width\">\r\n\t\t\t<div class=\"paragraph__inner-container\">\r\n\t\t\t\t\t<h2 class=\"paragraph__title\">Patrons h\u00e9rit\u00e9s<\/h2>\r\n\t\t\t\t\t\t\t<div class=\"paragraph__text\"><ul>\n<li>Dr. Samir and Mrs. Mary Abu-Ghazaleh*<\/li>\n<li>M. Elias et Mme Annette Aburdene<\/li>\n<li>M. William W. Doty<\/li>\n<li>M. Frank et Mme Julie Jungers<\/li>\n<li>Mr. George Shelton*<\/li>\n<li>Mr. Jose Eduardo Siman and Mr. Teofilo Siman Jacir<br \/>\non behalf of the Natalia Jacir de Siman Family<\/li>\n<li>Mr. Jack* and Mrs. Nan Steger<\/li>\n<li>Le R\u00e9v\u00e9rend Monseigneur l&#039;Archimandrite Robert Stern<\/li>\n<li>Dr George L. Zarur<\/li>\n<\/ul>\n<\/div>\r\n\t\t\t\t\t<\/div>\r\n<\/div>\n\n\r\n<div id=\"block_72af986dc4aa1a374bcb87234a9af770\" class=\"paragraph paragraph--default align-left page-width\">\r\n\t\t\t<div class=\"paragraph__inner-container\">\r\n\t\t\t\t\t<h2 class=\"paragraph__title\">M\u00e9c\u00e8nes honoraires<\/h2>\r\n\t\t\t\t\t\t\t<div class=\"paragraph__text\"><ul>\n<li>Mgr Bernardito Auza<\/li>\n<li>Le r\u00e9v\u00e9rend Adam Forno<\/li>\n<li>Brother Joseph Loewenstein, FSC*<\/li>\n<li>Mgr William E. Lori<\/li>\n<li>Son \u00c9minence Edwin Cardinal O&#039;Brien<\/li>\n<li>Mgr Christophe Pierre<\/li>\n<\/ul>\n<\/div>\r\n\t\t\t\t\t<\/div>\r\n<\/div>\n\r\n\t\t<\/div>\r\n\t\t\t<\/div>\r\n\r\n\n\r\n\t\t<\/div>\r\n\t<\/div>\r\n\r\n\n\n\r\n<div id=\"block_ae2cfb26ea3a3d6c1521872dfa38e98d\" class=\"paragraph paragraph--default align-left page-width\">\r\n\t\t\t<div class=\"paragraph__inner-container\">\r\n\t\t\t\t\t\t\t<div class=\"paragraph__text\"><h3>M\u00e9c\u00e8nes Or<\/h3>\n<ul>\n<li>M. Fran\u00e7ois et Mme Calleen Letaconnoux<\/li>\n<li>M. Keith et Mme Ginger Myers<\/li>\n<li>M. Tony et Mme Ilham Saca<\/li>\n<li>M. Ghassan et Dr Suava Salameh<\/li>\n<\/ul>\n<h3>M\u00e9c\u00e8nes Argent<\/h3>\n<ul>\n<li>M. Mark et Mme Jane Chopko<\/li>\n<li>Colonel Richard Flahavan*<\/li>\n<li>Mme Sandra Andreas McMurtrie au nom de la Fondation Andreas<\/li>\n<li>Honorable George et Mme Rhonda Salem<\/li>\n<li>Dame Breda Shelton, DCHS<\/li>\n<li>M. Joseph et Mme Mary Clare Starshak<\/li>\n<\/ul>\n<h3>M\u00e9c\u00e8nes Bronze<\/h3>\n<ul>\n<li>Mr. Albert* and Mrs. Janan Bateh<\/li>\n<li>Mme Lisa Marie Conte Browne<\/li>\n<li>Mme Anne Butta<\/li>\n<li>Mr. John Henry Butta<\/li>\n<li>Dr Brian et Mme Helena Christine<\/li>\n<li>Dame Ann S. Dickson, DGCHS<\/li>\n<li>Dr Guy et Mme Gisela Di Spigno<\/li>\n<li>Son Excellence Vicki Downey, DGCHS<\/li>\n<li>Son Excellence Dr Thompson M. Faller, KGCHS<\/li>\n<li>Coach George and Mrs. Brenda Felton<\/li>\n<li>Le conf\u00e9rencier Newt et l&#039;ambassadeur Callista Gingrich<\/li>\n<li>Drs. Thomas P. Perone et Barbara Golden<\/li>\n<li>Sir Clay Hoffman, KC*HS and Dame Anne Hoffman, DC*HS<\/li>\n<li>Sir Paul Keller, KC*HS and Dame Kirsten Keller, DC*HS<\/li>\n<li>Sir John King, KGCHS et Dame Mary King, DGCHS<\/li>\n<li>M. G\u00e9rald McAfee<\/li>\n<li>Dr Thomas et Mme Sally McGovern<\/li>\n<li>M. Tony et Mme Mina Milburn<\/li>\n<li>Dr Mary E. Moran<\/li>\n<li>Son Excellence Mary Currivan O&#039;Brien, DGCHS<\/li>\n<li>M. Patrick et Mme Louise Rainey<\/li>\n<li>M. G\u00e9rard et Mme Mary Thomas<\/li>\n<\/ul>\n<p>*deceased<\/p>\n<\/div>\r\n\t\t\t\t\t<\/div>\r\n<\/div>\n\n\r\n<div id=\"block_370e9b44f629d28b5f67c0aabdaed54f\" class=\"paragraph paragraph--default align-left page-width\">\r\n\t\t\t<div class=\"paragraph__inner-container\">\r\n\t\t\t\t\t\t\t<\/div>\r\n<\/div>","protected":false},"excerpt":{"rendered":"","protected":false},"author":1,"featured_media":0,"parent":0,"menu_order":0,"comment_status":"closed","ping_status":"closed","template":"","meta":{"_acf_changed":false,"inline_featured_image":false,"footnotes":""},"class_list":["post-1486","page","type-page","status-publish","hentry"],"acf":[],"_links":{"self":[{"href":"https:\/\/bufusa.org\/fr\/wp-json\/wp\/v2\/pages\/1486","targetHints":{"allow":["GET"]}}],"collection":[{"href":"https:\/\/bufusa.org\/fr\/wp-json\/wp\/v2\/pages"}],"about":[{"href":"https:\/\/bufusa.org\/fr\/wp-json\/wp\/v2\/types\/page"}],"author":[{"embeddable":true,"href":"https:\/\/bufusa.org\/fr\/wp-json\/wp\/v2\/users\/1"}],"replies":[{"embeddable":true,"href":"https:\/\/bufusa.org\/fr\/wp-json\/wp\/v2\/comments?post=1486"}],"version-history":[{"count":74,"href":"https:\/\/bufusa.org\/fr\/wp-json\/wp\/v2\/pages\/1486\/revisions"}],"predecessor-version":[{"id":9629,"href":"https:\/\/bufusa.org\/fr\/wp-json\/wp\/v2\/pages\/1486\/revisions\/9629"}],"wp:attachment":[{"href":"https:\/\/bufusa.org\/fr\/wp-json\/wp\/v2\/media?parent=1486"}],"curies":[{"name":"wp","href":"https:\/\/api.w.org\/{rel}","templated":true}]}}