{"id":1488,"date":"2023-10-24T16:48:15","date_gmt":"2023-10-24T16:48:15","guid":{"rendered":"http:\/\/bethlehem.i72dev.com\/?page_id=1488"},"modified":"2023-12-18T15:43:43","modified_gmt":"2023-12-18T15:43:43","slug":"pilgrims","status":"publish","type":"page","link":"https:\/\/bufusa.org\/fr\/pilgrims\/","title":{"rendered":"P\u00e8lerins"},"content":{"rendered":"<div id=\"block_3f85c3f8ba272c99eb3a1b41d2902a86\" class=\"split container--horizontal split-size--50 background-color--none page-width vertical-align--top\">\r\n\t\t<!-- Image Error (Could not load $image) -->\t\t<div class=\"split__inner-container\">\r\n\t\t\t\n\r\n<div id=\"block_1a6dcece6aec219ba4da521c76b63dfc\" class=\"video page-width\">\r\n\t<a href=\"javascript:;\" class=\"play-video\" aria-label=\"cliquez pour lire la vid\u00e9o\"><\/a>\r\n\t\t\t<iframe loading=\"lazy\" width=\"640\" height=\"360\" src=\"https:\/\/www.youtube.com\/embed\/Epzfniyenqs\" title=\"Lecteur vid\u00e9o YouTube\" frameborder=\"0\" allow=\"accelerometer; autoplay; clipboard-write; encrypted-media; gyroscope; picture-in-picture\" allowfullscreen><\/iframe>\r\n\t<\/div>\n\n\r\n<div id=\"block_c264b360aee70ed3d48aa9509ff12418\" class=\"wysiwyg page-width\"><h2>La Terre Sainte est sacr\u00e9e pour les chr\u00e9tiens, les juifs et les musulmans<\/h2>\n<p>Environ 2,6 millions de personnes viennent du monde entier pour d\u00e9couvrir la culture, d\u00e9couvrir les sites religieux et culturels et prier. L&#039;Universit\u00e9 de Bethl\u00e9em est souvent l&#039;un des nombreux sites visit\u00e9s, situ\u00e9e au sommet de la colline de Bethl\u00e9em, \u00e0 plusieurs p\u00e2t\u00e9s de maisons de la place de la Manger et de l&#039;\u00e9glise de la Nativit\u00e9.<\/p>\n<p>En moyenne, 4 000 p\u00e8lerins du monde entier visitent l\u2019Universit\u00e9 de Bethl\u00e9em chaque ann\u00e9e. Ils sont accueillis par Amjaad Musleh, responsable des relations avec les invit\u00e9s de l&#039;Universit\u00e9 de Bethl\u00e9em, et par une foule d&#039;\u00e9tudiants ambassadeurs. Les p\u00e8lerins interagissent souvent avec les \u00e9tudiants et le vice-chancelier de l&#039;Universit\u00e9 de Bethl\u00e9em et visitent le campus.<\/p>\n<\/div>\n\r\n\t\t<\/div>\r\n\t<\/div>\r\n\r\n\n\n\n<hr class=\"wp-block-separator has-alpha-channel-opacity\"\/>\n\n\n\n<div style=\"height:30px\" aria-hidden=\"true\" class=\"wp-block-spacer\"><\/div>\n\n\n\r\n\r\n\t<div id=\"block_3f85c3f8ba272c99eb3a1b41d2902a86\" class=\"split container--horizontal split-size--50 background-color--none page-width vertical-align--top\">\r\n\t\t<!-- Image Error (Could not load $image) -->\t\t<div class=\"split__inner-container\">\r\n\t\t\t\n\r\n<div id=\"block_6057124c65dab41132e442527e594ae6\" class=\"wysiwyg page-width\"><p>Pour plus d&#039;informations sur la fa\u00e7on de devenir p\u00e8lerin, contactez Amjaad Musleh, responsable des relations avec les invit\u00e9s de l&#039;Universit\u00e9 de Bethl\u00e9em, \u00e0 l&#039;adresse suivante : <a href=\"mailto:amjaadm@bethlehem.edu\">amjaadm@bethlehem.edu<\/a>.<\/p>\n<\/div>\n\n\r\n\t<div id=\"block_af56ec6ef683033683c1e09f583b5d83\" class=\"carousel container--horizontal background-color--none page-width vertical-align--top\">\r\n\t\t<!-- Image Error (Could not load $image) -->\t\t<div class=\"carousel__container\">\r\n\t\t\t<div class=\"carousel__inner-container\">\r\n\t\t\t\t\n\r\n<div id=\"block_daa9cc96d716b5db32a06a907440387b\" class=\"image page-width\">\r\n\t<div class=\"i72-image cover\" role=\"img\" title=\"CEE47CA5-FA97-4AB6-99FA-BC8965EA18C0\" aria-label=\"\" data-srcset=\"https:\/\/bufusa.org\/wp-content\/uploads\/2023\/12\/CEE47CA5-FA97-4AB6-99FA-BC8965EA18C0-scaled.jpeg 3000w 3000h,https:\/\/bufusa.org\/wp-content\/uploads\/2023\/12\/CEE47CA5-FA97-4AB6-99FA-BC8965EA18C0-300x200.jpeg 300w 200h,https:\/\/bufusa.org\/wp-content\/uploads\/2023\/12\/CEE47CA5-FA97-4AB6-99FA-BC8965EA18C0-768x512.jpeg 768w 512h,https:\/\/bufusa.org\/wp-content\/uploads\/2023\/12\/CEE47CA5-FA97-4AB6-99FA-BC8965EA18C0-1024x683.jpeg 1024w 683h,https:\/\/bufusa.org\/wp-content\/uploads\/2023\/12\/CEE47CA5-FA97-4AB6-99FA-BC8965EA18C0-1536x1024.jpeg 1536w 1024h,https:\/\/bufusa.org\/wp-content\/uploads\/2023\/12\/CEE47CA5-FA97-4AB6-99FA-BC8965EA18C0-2048x1365.jpeg 2048w 1365h,https:\/\/bufusa.org\/wp-content\/uploads\/2023\/12\/CEE47CA5-FA97-4AB6-99FA-BC8965EA18C0-18x12.jpeg 18w 12h,https:\/\/bufusa.org\/wp-content\/uploads\/2023\/12\/CEE47CA5-FA97-4AB6-99FA-BC8965EA18C0-150x100.jpeg 150w 100h,https:\/\/bufusa.org\/wp-content\/uploads\/2023\/12\/CEE47CA5-FA97-4AB6-99FA-BC8965EA18C0-1280x853.jpeg 1280w 853h,https:\/\/bufusa.org\/wp-content\/uploads\/2023\/12\/CEE47CA5-FA97-4AB6-99FA-BC8965EA18C0-2560x1707.jpeg 2560w 1707h\" data-original-width=\"2560\" data-original-height=\"1707\"><\/div><\/div>\n\n\r\n<div id=\"block_5c7b49d7b8ca08f8fcbd599efcc18e9b\" class=\"image page-width\">\r\n\t<div class=\"i72-image cover\" role=\"img\" title=\"53230970928_fc9c57503b_o\" aria-label=\"\" data-srcset=\"https:\/\/bufusa.org\/wp-content\/uploads\/2023\/12\/53230970928_fc9c57503b_o-scaled.jpg 3000w 3000h,https:\/\/bufusa.org\/wp-content\/uploads\/2023\/12\/53230970928_fc9c57503b_o-300x200.jpg 300w 200h,https:\/\/bufusa.org\/wp-content\/uploads\/2023\/12\/53230970928_fc9c57503b_o-768x513.jpg 768w 513h,https:\/\/bufusa.org\/wp-content\/uploads\/2023\/12\/53230970928_fc9c57503b_o-1024x684.jpg 1024w 684h,https:\/\/bufusa.org\/wp-content\/uploads\/2023\/12\/53230970928_fc9c57503b_o-1536x1025.jpg 1536w 1025h,https:\/\/bufusa.org\/wp-content\/uploads\/2023\/12\/53230970928_fc9c57503b_o-2048x1367.jpg 2048w 1367h,https:\/\/bufusa.org\/wp-content\/uploads\/2023\/12\/53230970928_fc9c57503b_o-18x12.jpg 18w 12h,https:\/\/bufusa.org\/wp-content\/uploads\/2023\/12\/53230970928_fc9c57503b_o-150x100.jpg 150w 100h,https:\/\/bufusa.org\/wp-content\/uploads\/2023\/12\/53230970928_fc9c57503b_o-1280x854.jpg 1280w 854h,https:\/\/bufusa.org\/wp-content\/uploads\/2023\/12\/53230970928_fc9c57503b_o-2560x1709.jpg 2560w 1709h\" data-original-width=\"2560\" data-original-height=\"1709\"><\/div><\/div>\n\n\r\n<div id=\"block_c1f1899c118d23e8f0cf94c3122b4fad\" class=\"image page-width\">\r\n\t<div class=\"i72-image cover\" role=\"img\" title=\"53225115557_991d33fb67_o\" aria-label=\"\" data-srcset=\"https:\/\/bufusa.org\/wp-content\/uploads\/2023\/12\/53225115557_991d33fb67_o-scaled.jpg 3000w 3000h,https:\/\/bufusa.org\/wp-content\/uploads\/2023\/12\/53225115557_991d33fb67_o-300x200.jpg 300w 200h,https:\/\/bufusa.org\/wp-content\/uploads\/2023\/12\/53225115557_991d33fb67_o-768x513.jpg 768w 513h,https:\/\/bufusa.org\/wp-content\/uploads\/2023\/12\/53225115557_991d33fb67_o-1024x684.jpg 1024w 684h,https:\/\/bufusa.org\/wp-content\/uploads\/2023\/12\/53225115557_991d33fb67_o-1536x1025.jpg 1536w 1025h,https:\/\/bufusa.org\/wp-content\/uploads\/2023\/12\/53225115557_991d33fb67_o-2048x1367.jpg 2048w 1367h,https:\/\/bufusa.org\/wp-content\/uploads\/2023\/12\/53225115557_991d33fb67_o-18x12.jpg 18w 12h,https:\/\/bufusa.org\/wp-content\/uploads\/2023\/12\/53225115557_991d33fb67_o-150x100.jpg 150w 100h,https:\/\/bufusa.org\/wp-content\/uploads\/2023\/12\/53225115557_991d33fb67_o-1280x854.jpg 1280w 854h,https:\/\/bufusa.org\/wp-content\/uploads\/2023\/12\/53225115557_991d33fb67_o-2560x1709.jpg 2560w 1709h\" data-original-width=\"2560\" data-original-height=\"1709\"><\/div><\/div>\n\n\r\n<div id=\"block_8d62672115e697200dcca9df38245147\" class=\"image page-width\">\r\n\t<div class=\"i72-image cover\" role=\"img\" title=\"53231035199_7912bc95a1_o\" aria-label=\"\" data-srcset=\"https:\/\/bufusa.org\/wp-content\/uploads\/2023\/12\/53231035199_7912bc95a1_o-scaled.jpg 3000w 3000h,https:\/\/bufusa.org\/wp-content\/uploads\/2023\/12\/53231035199_7912bc95a1_o-300x200.jpg 300w 200h,https:\/\/bufusa.org\/wp-content\/uploads\/2023\/12\/53231035199_7912bc95a1_o-768x513.jpg 768w 513h,https:\/\/bufusa.org\/wp-content\/uploads\/2023\/12\/53231035199_7912bc95a1_o-1024x684.jpg 1024w 684h,https:\/\/bufusa.org\/wp-content\/uploads\/2023\/12\/53231035199_7912bc95a1_o-1536x1025.jpg 1536w 1025h,https:\/\/bufusa.org\/wp-content\/uploads\/2023\/12\/53231035199_7912bc95a1_o-2048x1367.jpg 2048w 1367h,https:\/\/bufusa.org\/wp-content\/uploads\/2023\/12\/53231035199_7912bc95a1_o-18x12.jpg 18w 12h,https:\/\/bufusa.org\/wp-content\/uploads\/2023\/12\/53231035199_7912bc95a1_o-150x100.jpg 150w 100h,https:\/\/bufusa.org\/wp-content\/uploads\/2023\/12\/53231035199_7912bc95a1_o-1280x854.jpg 1280w 854h,https:\/\/bufusa.org\/wp-content\/uploads\/2023\/12\/53231035199_7912bc95a1_o-2560x1709.jpg 2560w 1709h\" data-original-width=\"2560\" data-original-height=\"1709\"><\/div><\/div>\n\n\r\n<div id=\"block_7fbfb58629a58d9fcaabac408762253d\" class=\"image page-width\">\r\n\t<div class=\"i72-image cover\" role=\"img\" title=\"53226300573_025a0cc41a_o\" aria-label=\"\" data-srcset=\"https:\/\/bufusa.org\/wp-content\/uploads\/2023\/12\/53226300573_025a0cc41a_o-scaled.jpg 3000w 3000h,https:\/\/bufusa.org\/wp-content\/uploads\/2023\/12\/53226300573_025a0cc41a_o-300x200.jpg 300w 200h,https:\/\/bufusa.org\/wp-content\/uploads\/2023\/12\/53226300573_025a0cc41a_o-768x513.jpg 768w 513h,https:\/\/bufusa.org\/wp-content\/uploads\/2023\/12\/53226300573_025a0cc41a_o-1024x684.jpg 1024w 684h,https:\/\/bufusa.org\/wp-content\/uploads\/2023\/12\/53226300573_025a0cc41a_o-1536x1025.jpg 1536w 1025h,https:\/\/bufusa.org\/wp-content\/uploads\/2023\/12\/53226300573_025a0cc41a_o-2048x1367.jpg 2048w 1367h,https:\/\/bufusa.org\/wp-content\/uploads\/2023\/12\/53226300573_025a0cc41a_o-18x12.jpg 18w 12h,https:\/\/bufusa.org\/wp-content\/uploads\/2023\/12\/53226300573_025a0cc41a_o-150x100.jpg 150w 100h,https:\/\/bufusa.org\/wp-content\/uploads\/2023\/12\/53226300573_025a0cc41a_o-1280x854.jpg 1280w 854h,https:\/\/bufusa.org\/wp-content\/uploads\/2023\/12\/53226300573_025a0cc41a_o-2560x1709.jpg 2560w 1709h\" data-original-width=\"2560\" data-original-height=\"1709\"><\/div><\/div>\n\n\r\n<div id=\"block_71fd1f8a193a9f978554a89982add3bb\" class=\"image page-width\">\r\n\t<div class=\"i72-image cover\" role=\"img\" title=\"53226378219_51f3a3b060_o\" aria-label=\"\" data-srcset=\"https:\/\/bufusa.org\/wp-content\/uploads\/2023\/12\/53226378219_51f3a3b060_o-scaled.jpg 3000w 3000h,https:\/\/bufusa.org\/wp-content\/uploads\/2023\/12\/53226378219_51f3a3b060_o-300x200.jpg 300w 200h,https:\/\/bufusa.org\/wp-content\/uploads\/2023\/12\/53226378219_51f3a3b060_o-768x513.jpg 768w 513h,https:\/\/bufusa.org\/wp-content\/uploads\/2023\/12\/53226378219_51f3a3b060_o-1024x684.jpg 1024w 684h,https:\/\/bufusa.org\/wp-content\/uploads\/2023\/12\/53226378219_51f3a3b060_o-1536x1025.jpg 1536w 1025h,https:\/\/bufusa.org\/wp-content\/uploads\/2023\/12\/53226378219_51f3a3b060_o-2048x1367.jpg 2048w 1367h,https:\/\/bufusa.org\/wp-content\/uploads\/2023\/12\/53226378219_51f3a3b060_o-18x12.jpg 18w 12h,https:\/\/bufusa.org\/wp-content\/uploads\/2023\/12\/53226378219_51f3a3b060_o-150x100.jpg 150w 100h,https:\/\/bufusa.org\/wp-content\/uploads\/2023\/12\/53226378219_51f3a3b060_o-1280x854.jpg 1280w 854h,https:\/\/bufusa.org\/wp-content\/uploads\/2023\/12\/53226378219_51f3a3b060_o-2560x1709.jpg 2560w 1709h\" data-original-width=\"2560\" data-original-height=\"1709\"><\/div><\/div>\n\n\r\n<div id=\"block_c710b55816a516f59dd2a40b7739da6c\" class=\"image page-width\">\r\n\t<div class=\"i72-image cover\" role=\"img\" title=\"53225119832_639f02e3f8_o\" aria-label=\"\" data-srcset=\"https:\/\/bufusa.org\/wp-content\/uploads\/2023\/12\/53225119832_639f02e3f8_o-scaled.jpg 3000w 3000h,https:\/\/bufusa.org\/wp-content\/uploads\/2023\/12\/53225119832_639f02e3f8_o-300x200.jpg 300w 200h,https:\/\/bufusa.org\/wp-content\/uploads\/2023\/12\/53225119832_639f02e3f8_o-768x513.jpg 768w 513h,https:\/\/bufusa.org\/wp-content\/uploads\/2023\/12\/53225119832_639f02e3f8_o-1024x684.jpg 1024w 684h,https:\/\/bufusa.org\/wp-content\/uploads\/2023\/12\/53225119832_639f02e3f8_o-1536x1025.jpg 1536w 1025h,https:\/\/bufusa.org\/wp-content\/uploads\/2023\/12\/53225119832_639f02e3f8_o-2048x1367.jpg 2048w 1367h,https:\/\/bufusa.org\/wp-content\/uploads\/2023\/12\/53225119832_639f02e3f8_o-18x12.jpg 18w 12h,https:\/\/bufusa.org\/wp-content\/uploads\/2023\/12\/53225119832_639f02e3f8_o-150x100.jpg 150w 100h,https:\/\/bufusa.org\/wp-content\/uploads\/2023\/12\/53225119832_639f02e3f8_o-1280x854.jpg 1280w 854h,https:\/\/bufusa.org\/wp-content\/uploads\/2023\/12\/53225119832_639f02e3f8_o-2560x1709.jpg 2560w 1709h\" data-original-width=\"2560\" data-original-height=\"1709\"><\/div><\/div>\n\n\r\n<div id=\"block_9fa44e089bd52200628caddccdb49267\" class=\"image page-width\">\r\n\t<div class=\"i72-image cover\" role=\"img\" title=\"B45AB1FA-937A-48D1-9DA3-5F9D57CEEA73\" aria-label=\"\" data-srcset=\"https:\/\/bufusa.org\/wp-content\/uploads\/2023\/12\/B45AB1FA-937A-48D1-9DA3-5F9D57CEEA73-scaled.jpeg 3000w 3000h,https:\/\/bufusa.org\/wp-content\/uploads\/2023\/12\/B45AB1FA-937A-48D1-9DA3-5F9D57CEEA73-300x200.jpeg 300w 200h,https:\/\/bufusa.org\/wp-content\/uploads\/2023\/12\/B45AB1FA-937A-48D1-9DA3-5F9D57CEEA73-768x512.jpeg 768w 512h,https:\/\/bufusa.org\/wp-content\/uploads\/2023\/12\/B45AB1FA-937A-48D1-9DA3-5F9D57CEEA73-1024x683.jpeg 1024w 683h,https:\/\/bufusa.org\/wp-content\/uploads\/2023\/12\/B45AB1FA-937A-48D1-9DA3-5F9D57CEEA73-1536x1024.jpeg 1536w 1024h,https:\/\/bufusa.org\/wp-content\/uploads\/2023\/12\/B45AB1FA-937A-48D1-9DA3-5F9D57CEEA73-2048x1365.jpeg 2048w 1365h,https:\/\/bufusa.org\/wp-content\/uploads\/2023\/12\/B45AB1FA-937A-48D1-9DA3-5F9D57CEEA73-18x12.jpeg 18w 12h,https:\/\/bufusa.org\/wp-content\/uploads\/2023\/12\/B45AB1FA-937A-48D1-9DA3-5F9D57CEEA73-150x100.jpeg 150w 100h,https:\/\/bufusa.org\/wp-content\/uploads\/2023\/12\/B45AB1FA-937A-48D1-9DA3-5F9D57CEEA73-1280x853.jpeg 1280w 853h,https:\/\/bufusa.org\/wp-content\/uploads\/2023\/12\/B45AB1FA-937A-48D1-9DA3-5F9D57CEEA73-2560x1707.jpeg 2560w 1707h\" data-original-width=\"2560\" data-original-height=\"1707\"><\/div><\/div>\n\n\r\n<div id=\"block_ea9ae3189303b37c5b323b02d4f7eed2\" class=\"image page-width\">\r\n\t<div class=\"i72-image cover\" role=\"img\" title=\"53282249319_233d2bf656_c\" aria-label=\"\" data-srcset=\"https:\/\/bufusa.org\/wp-content\/uploads\/2023\/11\/53282249319_233d2bf656_c.jpg 3000w 3000h,https:\/\/bufusa.org\/wp-content\/uploads\/2023\/11\/53282249319_233d2bf656_c-300x200.jpg 300w 200h,https:\/\/bufusa.org\/wp-content\/uploads\/2023\/11\/53282249319_233d2bf656_c-768x512.jpg 768w 512h,https:\/\/bufusa.org\/wp-content\/uploads\/2023\/11\/53282249319_233d2bf656_c.jpg 799w 533h,https:\/\/bufusa.org\/wp-content\/uploads\/2023\/11\/53282249319_233d2bf656_c.jpg 799w 533h,https:\/\/bufusa.org\/wp-content\/uploads\/2023\/11\/53282249319_233d2bf656_c.jpg 799w 533h,https:\/\/bufusa.org\/wp-content\/uploads\/2023\/11\/53282249319_233d2bf656_c-18x12.jpg 18w 12h,https:\/\/bufusa.org\/wp-content\/uploads\/2023\/11\/53282249319_233d2bf656_c-150x100.jpg 150w 100h,https:\/\/bufusa.org\/wp-content\/uploads\/2023\/11\/53282249319_233d2bf656_c.jpg 799w 533h,https:\/\/bufusa.org\/wp-content\/uploads\/2023\/11\/53282249319_233d2bf656_c.jpg 799w 533h\" data-original-width=\"799\" data-original-height=\"533\"><\/div><\/div>\n\n\r\n<div id=\"block_59b1233c0f990e0c925b401f23dd1f7b\" class=\"image page-width\">\r\n\t<div class=\"i72-image cover\" role=\"img\" title=\"53282262299_0e9b599dd9_c\" aria-label=\"\" data-srcset=\"https:\/\/bufusa.org\/wp-content\/uploads\/2023\/11\/53282262299_0e9b599dd9_c.jpg 3000w 3000h,https:\/\/bufusa.org\/wp-content\/uploads\/2023\/11\/53282262299_0e9b599dd9_c-300x200.jpg 300w 200h,https:\/\/bufusa.org\/wp-content\/uploads\/2023\/11\/53282262299_0e9b599dd9_c-768x512.jpg 768w 512h,https:\/\/bufusa.org\/wp-content\/uploads\/2023\/11\/53282262299_0e9b599dd9_c.jpg 799w 533h,https:\/\/bufusa.org\/wp-content\/uploads\/2023\/11\/53282262299_0e9b599dd9_c.jpg 799w 533h,https:\/\/bufusa.org\/wp-content\/uploads\/2023\/11\/53282262299_0e9b599dd9_c.jpg 799w 533h,https:\/\/bufusa.org\/wp-content\/uploads\/2023\/11\/53282262299_0e9b599dd9_c-18x12.jpg 18w 12h,https:\/\/bufusa.org\/wp-content\/uploads\/2023\/11\/53282262299_0e9b599dd9_c-150x100.jpg 150w 100h,https:\/\/bufusa.org\/wp-content\/uploads\/2023\/11\/53282262299_0e9b599dd9_c.jpg 799w 533h,https:\/\/bufusa.org\/wp-content\/uploads\/2023\/11\/53282262299_0e9b599dd9_c.jpg 799w 533h\" data-original-width=\"799\" data-original-height=\"533\"><\/div><\/div>\n\n\r\n<div id=\"block_fdde8e9d7dc5b4e704aece83c2fe21ca\" class=\"image page-width\">\r\n\t<div class=\"i72-image cover\" role=\"img\" title=\"53282376915_04e6a0be29_c\" aria-label=\"\" data-srcset=\"https:\/\/bufusa.org\/wp-content\/uploads\/2023\/11\/53282376915_04e6a0be29_c.jpg 3000w 3000h,https:\/\/bufusa.org\/wp-content\/uploads\/2023\/11\/53282376915_04e6a0be29_c-300x200.jpg 300w 200h,https:\/\/bufusa.org\/wp-content\/uploads\/2023\/11\/53282376915_04e6a0be29_c-768x512.jpg 768w 512h,https:\/\/bufusa.org\/wp-content\/uploads\/2023\/11\/53282376915_04e6a0be29_c.jpg 799w 533h,https:\/\/bufusa.org\/wp-content\/uploads\/2023\/11\/53282376915_04e6a0be29_c.jpg 799w 533h,https:\/\/bufusa.org\/wp-content\/uploads\/2023\/11\/53282376915_04e6a0be29_c.jpg 799w 533h,https:\/\/bufusa.org\/wp-content\/uploads\/2023\/11\/53282376915_04e6a0be29_c-18x12.jpg 18w 12h,https:\/\/bufusa.org\/wp-content\/uploads\/2023\/11\/53282376915_04e6a0be29_c-150x100.jpg 150w 100h,https:\/\/bufusa.org\/wp-content\/uploads\/2023\/11\/53282376915_04e6a0be29_c.jpg 799w 533h,https:\/\/bufusa.org\/wp-content\/uploads\/2023\/11\/53282376915_04e6a0be29_c.jpg 799w 533h\" data-original-width=\"799\" data-original-height=\"533\"><\/div><\/div>\n\n\r\n<div id=\"block_35a5e4a1a268f0023942793240b0a888\" class=\"image page-width\">\r\n\t<div class=\"i72-image cover\" role=\"img\" title=\"53286672896_831970ed4d_c\" aria-label=\"\" data-srcset=\"https:\/\/bufusa.org\/wp-content\/uploads\/2023\/11\/53286672896_831970ed4d_c.jpg 3000w 3000h,https:\/\/bufusa.org\/wp-content\/uploads\/2023\/11\/53286672896_831970ed4d_c-300x200.jpg 300w 200h,https:\/\/bufusa.org\/wp-content\/uploads\/2023\/11\/53286672896_831970ed4d_c-768x512.jpg 768w 512h,https:\/\/bufusa.org\/wp-content\/uploads\/2023\/11\/53286672896_831970ed4d_c.jpg 799w 533h,https:\/\/bufusa.org\/wp-content\/uploads\/2023\/11\/53286672896_831970ed4d_c.jpg 799w 533h,https:\/\/bufusa.org\/wp-content\/uploads\/2023\/11\/53286672896_831970ed4d_c.jpg 799w 533h,https:\/\/bufusa.org\/wp-content\/uploads\/2023\/11\/53286672896_831970ed4d_c-18x12.jpg 18w 12h,https:\/\/bufusa.org\/wp-content\/uploads\/2023\/11\/53286672896_831970ed4d_c-150x100.jpg 150w 100h,https:\/\/bufusa.org\/wp-content\/uploads\/2023\/11\/53286672896_831970ed4d_c.jpg 799w 533h,https:\/\/bufusa.org\/wp-content\/uploads\/2023\/11\/53286672896_831970ed4d_c.jpg 799w 533h\" data-original-width=\"799\" data-original-height=\"533\"><\/div><\/div>\n\r\n\t\t\t<\/div>\r\n\t\t<\/div>\r\n\t\t\t<\/div>\r\n\r\n\n\r\n\t\t<\/div>\r\n\t<\/div>","protected":false},"excerpt":{"rendered":"","protected":false},"author":1,"featured_media":0,"parent":0,"menu_order":0,"comment_status":"closed","ping_status":"closed","template":"","meta":{"_acf_changed":false,"inline_featured_image":false,"footnotes":""},"class_list":["post-1488","page","type-page","status-publish","hentry"],"acf":[],"_links":{"self":[{"href":"https:\/\/bufusa.org\/fr\/wp-json\/wp\/v2\/pages\/1488","targetHints":{"allow":["GET"]}}],"collection":[{"href":"https:\/\/bufusa.org\/fr\/wp-json\/wp\/v2\/pages"}],"about":[{"href":"https:\/\/bufusa.org\/fr\/wp-json\/wp\/v2\/types\/page"}],"author":[{"embeddable":true,"href":"https:\/\/bufusa.org\/fr\/wp-json\/wp\/v2\/users\/1"}],"replies":[{"embeddable":true,"href":"https:\/\/bufusa.org\/fr\/wp-json\/wp\/v2\/comments?post=1488"}],"version-history":[{"count":103,"href":"https:\/\/bufusa.org\/fr\/wp-json\/wp\/v2\/pages\/1488\/revisions"}],"predecessor-version":[{"id":4582,"href":"https:\/\/bufusa.org\/fr\/wp-json\/wp\/v2\/pages\/1488\/revisions\/4582"}],"wp:attachment":[{"href":"https:\/\/bufusa.org\/fr\/wp-json\/wp\/v2\/media?parent=1488"}],"curies":[{"name":"wp","href":"https:\/\/api.w.org\/{rel}","templated":true}]}}