{"id":1921,"date":"2023-11-30T14:19:11","date_gmt":"2023-11-30T14:19:11","guid":{"rendered":"https:\/\/bethlehem.i72dev.com\/?page_id=1921"},"modified":"2026-02-10T16:06:22","modified_gmt":"2026-02-10T21:06:22","slug":"participate","status":"publish","type":"page","link":"https:\/\/bufusa.org\/fr\/participate\/","title":{"rendered":"Participer"},"content":{"rendered":"<div id=\"block_c0bf0a8cec886db9d2f4bb98f8f9fcec\" class=\"background container--vertical background-color--0061AA page-width\">\r\n\t\t<!-- Image Error (Could not load $image) -->\t\t<div class=\"background__inner-container\">\r\n\t\t\t\n\r\n<div id=\"block_f4b5f3a8e290dfbbbdf58c5719efd4d8\" class=\"paragraph paragraph--default align-left page-width\">\r\n\t\t\t<div class=\"paragraph__inner-container\">\r\n\t\t\t\t\t<h2 class=\"paragraph__title\">Organiser ou assister \u00e0 un \u00e9v\u00e9nement<\/h2>\r\n\t\t\t\t\t\t\t<div class=\"paragraph__text\"><p>L\u2019Universit\u00e9 de Bethl\u00e9em compte sur la g\u00e9n\u00e9rosit\u00e9 de ses amis et de ses sympathisants du monde entier pour garantir la poursuite de l\u2019\u00e9ducation des jeunes en Palestine. Si vous ou votre groupe souhaitez organiser un \u00e9v\u00e9nement au profit de la Fondation de l&#039;Universit\u00e9 de Bethl\u00e9em, veuillez contacter Kathy Carver (<a href=\"mailto:info@bufusa.org\">info@bufusa.org<\/a>), Director of Mission Advancement, to discuss event opportunities.<\/p>\n<\/div>\r\n\t\t\t\t\t<\/div>\r\n<\/div>\n\r\n\t\t<\/div>\r\n\t<\/div>\r\n\r\n\n\n\r\n\r\n\t<div id=\"block_c58d78ce39603033f0723bf5292f6c4f\" class=\"background container--vertical background-color--none page-width\">\r\n\t\t<!-- Image Error (Could not load $image) -->\t\t<div class=\"background__inner-container\">\r\n\t\t\t\n\r\n<div id=\"block_a27854899f54cd96e3404e8feaa9bfbb\" class=\"paragraph paragraph--button align-left page-width\">\r\n\t\t\t<div class=\"paragraph__inner-container\">\r\n\t\t\t\t\t<h2 class=\"paragraph__title\">Devenez m\u00e9c\u00e8ne<\/h2>\r\n\t\t\t\t\t\t\t<div class=\"paragraph__text\"><p>Le Fonds de dotation des m\u00e9c\u00e8nes assure un avenir durable \u00e0 l&#039;Universit\u00e9 de Bethl\u00e9em et \u00e0 la Fondation de l&#039;Universit\u00e9 de Bethl\u00e9em. Un don au Fonds de dotation des m\u00e9c\u00e8nes est un \u00ab don \u00e9ternel \u00bb qui permet \u00e0 la Fondation d&#039;augmenter la dotation pour mieux remplir sa mission de soutien \u00e0 l&#039;Universit\u00e9 de Bethl\u00e9em. En fournissant une base solide \u00e0 partir de laquelle la Fondation de l&#039;Universit\u00e9 de Bethl\u00e9em peut agir en toute confiance en pensant \u00e0 l&#039;avenir, les m\u00e9c\u00e8nes permettent \u00e0 la Fondation de fonctionner sur le long terme avec prudence et optimisme.<\/p>\n<\/div>\r\n\t\t\t\t\t\t\t<a class=\"paragraph__button button button-color--blue\" href=\"https:\/\/bufusa.org\/fr\/patrons\/\" target=\"_self\" aria-label=\"Lien vers\u00a0: En savoir plus\">Apprendre encore plus<\/a>\r\n\t\t\t<\/div>\r\n<\/div>\n\r\n\t\t<\/div>\r\n\t<\/div>\r\n\r\n\n\n\r\n\r\n\t<div id=\"block_c0bf0a8cec886db9d2f4bb98f8f9fcec\" class=\"background container--vertical background-color--0061AA page-width\">\r\n\t\t<!-- Image Error (Could not load $image) -->\t\t<div class=\"background__inner-container\">\r\n\t\t\t\n\r\n<div id=\"block_c9a1842d2b2c2dbffceebffd38aa9187\" class=\"paragraph paragraph--default align-left page-width\">\r\n\t\t\t<div class=\"paragraph__inner-container\">\r\n\t\t\t\t\t<h2 class=\"paragraph__title\">Demander un conf\u00e9rencier<\/h2>\r\n\t\t\t\t\t\t\t<div class=\"paragraph__text\"><p>Bethlehem University is truly a beacon of hope and an oasis of peace in one of the most complex, historically, culturally, and religiously significant spots on the globe. BUF experts can provide insight into life in Bethlehem and the role the university plays in establishing hope, peace, and highly educated leaders for Palestinian society. To learn more about having Bethlehem University Foundation present to your group or event, please contact Waleed Zaru (<a href=\"mailto:info@bufusa.org\">info@bufusa.org<\/a>), Directeur Ex\u00e9cutif BUFUSA.<\/p>\n<\/div>\r\n\t\t\t\t\t<\/div>\r\n<\/div>\n\r\n\t\t<\/div>\r\n\t<\/div>\r\n\r\n\n\n\r\n\r\n\t<div id=\"block_c58d78ce39603033f0723bf5292f6c4f\" class=\"background container--vertical background-color--none page-width\">\r\n\t\t<!-- Image Error (Could not load $image) -->\t\t<div class=\"background__inner-container\">\r\n\t\t\t\n\r\n<div id=\"block_0785cfd6170c66ccd6937670df116fce\" class=\"paragraph paragraph--default align-left page-width\">\r\n\t\t\t<div class=\"paragraph__inner-container\">\r\n\t\t\t\t\t<h2 class=\"paragraph__title\">Devenir un partenaire<\/h2>\r\n\t\t\t\t\t\t\t<div class=\"paragraph__text\"><p>As an academic institution providing high quality education for future local, regional, and global leaders, Bethlehem University values innovative partnerships with other academic and research institutions, corporations, religious groups, civic organizations, and people of goodwill. If you represent an entity interested in learning more about partnership, please contact Waleed Zaru (<a href=\"mailto:info@bufusa.org\">info@bufusa.org<\/a>), Directeur Ex\u00e9cutif BUFUSA.<\/p>\n<\/div>\r\n\t\t\t\t\t<\/div>\r\n<\/div>\n\r\n\t\t<\/div>\r\n\t<\/div>\r\n\r\n\n\n\r\n\r\n\t<div id=\"block_c0bf0a8cec886db9d2f4bb98f8f9fcec\" class=\"background container--vertical background-color--0061AA page-width\">\r\n\t\t<!-- Image Error (Could not load $image) -->\t\t<div class=\"background__inner-container\">\r\n\t\t\t\n\r\n<div id=\"block_365f9d70505a76a34b424932be019c68\" class=\"paragraph paragraph--button align-left page-width\">\r\n\t\t\t<div class=\"paragraph__inner-container\">\r\n\t\t\t\t\t<h2 class=\"paragraph__title\">Visitez Bethl\u00e9em<\/h2>\r\n\t\t\t\t\t\t\t<div class=\"paragraph__text\"><p>La Terre Sainte et l\u2019Universit\u00e9 de Bethl\u00e9em ont une forte tradition d\u2019accueil de visiteurs du monde entier. De l&#039;\u00e9glise de la Nativit\u00e9 au Champ du Berger en passant par le Campus de l&#039;Universit\u00e9, les p\u00e8lerins sont gracieusement accueillis.<\/p>\n<\/div>\r\n\t\t\t\t\t\t\t<a class=\"paragraph__button button button-color--blue\" href=\"https:\/\/bufusa.org\/fr\/pilgrims\/\" target=\"_self\" aria-label=\"Lien vers\u00a0: En savoir plus\">Apprendre encore plus<\/a>\r\n\t\t\t<\/div>\r\n<\/div>\n\r\n\t\t<\/div>\r\n\t<\/div>","protected":false},"excerpt":{"rendered":"","protected":false},"author":1,"featured_media":0,"parent":0,"menu_order":0,"comment_status":"closed","ping_status":"closed","template":"","meta":{"_acf_changed":false,"inline_featured_image":false,"footnotes":""},"class_list":["post-1921","page","type-page","status-publish","hentry"],"acf":[],"_links":{"self":[{"href":"https:\/\/bufusa.org\/fr\/wp-json\/wp\/v2\/pages\/1921","targetHints":{"allow":["GET"]}}],"collection":[{"href":"https:\/\/bufusa.org\/fr\/wp-json\/wp\/v2\/pages"}],"about":[{"href":"https:\/\/bufusa.org\/fr\/wp-json\/wp\/v2\/types\/page"}],"author":[{"embeddable":true,"href":"https:\/\/bufusa.org\/fr\/wp-json\/wp\/v2\/users\/1"}],"replies":[{"embeddable":true,"href":"https:\/\/bufusa.org\/fr\/wp-json\/wp\/v2\/comments?post=1921"}],"version-history":[{"count":23,"href":"https:\/\/bufusa.org\/fr\/wp-json\/wp\/v2\/pages\/1921\/revisions"}],"predecessor-version":[{"id":10254,"href":"https:\/\/bufusa.org\/fr\/wp-json\/wp\/v2\/pages\/1921\/revisions\/10254"}],"wp:attachment":[{"href":"https:\/\/bufusa.org\/fr\/wp-json\/wp\/v2\/media?parent=1921"}],"curies":[{"name":"wp","href":"https:\/\/api.w.org\/{rel}","templated":true}]}}