{"id":1970,"date":"2023-11-30T15:11:13","date_gmt":"2023-11-30T15:11:13","guid":{"rendered":"https:\/\/bethlehem.i72dev.com\/?page_id=1970"},"modified":"2023-11-30T15:14:52","modified_gmt":"2023-11-30T15:14:52","slug":"importance-of-giving","status":"publish","type":"page","link":"https:\/\/bufusa.org\/fr\/importance-of-giving\/","title":{"rendered":"Importance de donner"},"content":{"rendered":"<h2 id=\"block_db6ce66dac3b2ed9a88edd13ba63cabe\" class=\"heading align-left text-color--0061AA page-width\">Faire un don \u00e0 la Bethlehem University Foundation cr\u00e9e six impacts puissants\u00a0:<\/h2>\n\n\r\n\r\n\t<div id=\"block_c7fcae07715977731ab6df4a4dcecb1f\" class=\"background container--vertical background-color--F5F6F7 page-width\">\r\n\t\t<!-- Image Error (Could not load $image) -->\t\t<div class=\"background__inner-container\">\r\n\t\t\t\n\r\n<div id=\"block_3d8adc273d010ce9e4ebde4c749b94a9\" class=\"paragraph paragraph--default align-left page-width\">\r\n\t\t\t<div class=\"paragraph__inner-container\">\r\n\t\t\t\t\t<h2 class=\"paragraph__title\">1. \u00c9ducation et autonomisation<\/h2>\r\n\t\t\t\t\t\t\t<div class=\"paragraph__text\"><p>Soutenir BUF signifie contribuer \u00e0 l\u2019\u00e9ducation des \u00e9tudiants palestiniens, en leur donnant les connaissances et les comp\u00e9tences qui peuvent transformer leur vie et leur communaut\u00e9. En offrant des opportunit\u00e9s de formation, vous permettez aux individus de poursuivre leurs r\u00eaves et de contribuer positivement \u00e0 la soci\u00e9t\u00e9.<\/p>\n<\/div>\r\n\t\t\t\t\t<\/div>\r\n<\/div>\n\r\n\t\t<\/div>\r\n\t<\/div>\r\n\r\n\n\n\r\n\r\n\t<div id=\"block_ac14e82f3e7a1bb94b3a9bcbe92cd1c4\" class=\"background container--vertical background-color--none page-width\">\r\n\t\t<!-- Image Error (Could not load $image) -->\t\t<div class=\"background__inner-container\">\r\n\t\t\t\n\r\n<div id=\"block_f6b01eaee4c2f09eda0955c0c4635e37\" class=\"paragraph paragraph--default align-left page-width\">\r\n\t\t\t<div class=\"paragraph__inner-container\">\r\n\t\t\t\t\t<h2 class=\"paragraph__title\">2. Promouvoir la paix et la compr\u00e9hension<\/h2>\r\n\t\t\t\t\t\t\t<div class=\"paragraph__text\"><p>L\u2019Universit\u00e9 de Bethl\u00e9em, situ\u00e9e dans une r\u00e9gion au paysage politique et social complexe, constitue un phare de paix et de compr\u00e9hension. En soutenant le BUF, vous favorisez un environnement qui valorise l&#039;\u00e9ducation et le dialogue, contribuant ainsi \u00e0 la promotion de la paix et de la compr\u00e9hension interculturelle.<\/p>\n<\/div>\r\n\t\t\t\t\t<\/div>\r\n<\/div>\n\r\n\t\t<\/div>\r\n\t<\/div>\r\n\r\n\n\n\r\n\r\n\t<div id=\"block_c7fcae07715977731ab6df4a4dcecb1f\" class=\"background container--vertical background-color--F5F6F7 page-width\">\r\n\t\t<!-- Image Error (Could not load $image) -->\t\t<div class=\"background__inner-container\">\r\n\t\t\t\n\r\n<div id=\"block_416fbb4234f55b7313a57cb623a8ba96\" class=\"paragraph paragraph--default align-left page-width\">\r\n\t\t\t<div class=\"paragraph__inner-container\">\r\n\t\t\t\t\t<h2 class=\"paragraph__title\">3. D\u00e9veloppement socio-\u00e9conomique<\/h2>\r\n\t\t\t\t\t\t\t<div class=\"paragraph__text\"><p>L\u2019\u00e9ducation est un moteur fondamental du d\u00e9veloppement socio-\u00e9conomique. En faisant un don \u00e0 BUF, vous investissez dans l&#039;avenir de la Palestine et de toute la Terre Sainte, en contribuant \u00e0 cr\u00e9er une main-d&#039;\u0153uvre plus qualifi\u00e9e et mieux inform\u00e9e qui peut contribuer \u00e0 la croissance \u00e9conomique et \u00e0 la stabilit\u00e9 de la r\u00e9gion.<\/p>\n<\/div>\r\n\t\t\t\t\t<\/div>\r\n<\/div>\n\r\n\t\t<\/div>\r\n\t<\/div>\r\n\r\n\n\n\r\n\r\n\t<div id=\"block_ac14e82f3e7a1bb94b3a9bcbe92cd1c4\" class=\"background container--vertical background-color--none page-width\">\r\n\t\t<!-- Image Error (Could not load $image) -->\t\t<div class=\"background__inner-container\">\r\n\t\t\t\n\r\n<div id=\"block_7905b07a171a0bc28da2fe6fcf3c72a2\" class=\"paragraph paragraph--default align-left page-width\">\r\n\t\t\t<div class=\"paragraph__inner-container\">\r\n\t\t\t\t\t<h2 class=\"paragraph__title\">4. Pr\u00e9server le patrimoine culturel<\/h2>\r\n\t\t\t\t\t\t\t<div class=\"paragraph__text\"><p>L&#039;Universit\u00e9 de Bethl\u00e9em joue un r\u00f4le essentiel dans la pr\u00e9servation du patrimoine culturel de la r\u00e9gion. En soutenant l&#039;universit\u00e9, vous soutenez une institution profond\u00e9ment ancr\u00e9e dans la culture et l&#039;histoire locales, garantissant ainsi sa pr\u00e9servation pour les g\u00e9n\u00e9rations futures.<\/p>\n<\/div>\r\n\t\t\t\t\t<\/div>\r\n<\/div>\n\r\n\t\t<\/div>\r\n\t<\/div>\r\n\r\n\n\n\r\n\r\n\t<div id=\"block_c7fcae07715977731ab6df4a4dcecb1f\" class=\"background container--vertical background-color--F5F6F7 page-width\">\r\n\t\t<!-- Image Error (Could not load $image) -->\t\t<div class=\"background__inner-container\">\r\n\t\t\t\n\r\n<div id=\"block_09164cc17f8a3acbcdeefc4776bef922\" class=\"paragraph paragraph--default align-left page-width\">\r\n\t\t\t<div class=\"paragraph__inner-container\">\r\n\t\t\t\t\t<h2 class=\"paragraph__title\">5. Bourses et soutien<\/h2>\r\n\t\t\t\t\t\t\t<div class=\"paragraph__text\"><p>Votre don peut \u00eatre destin\u00e9 \u00e0 des bourses, \u00e0 des programmes acad\u00e9miques ou \u00e0 plusieurs autres besoins essentiels. Ces contributions peuvent rendre l\u2019\u00e9ducation plus accessible aux \u00e9tudiants m\u00e9ritants qui, autrement, n\u2019auraient peut-\u00eatre pas les moyens financiers de se le permettre.<\/p>\n<\/div>\r\n\t\t\t\t\t<\/div>\r\n<\/div>\n\r\n\t\t<\/div>\r\n\t<\/div>\r\n\r\n\n\n\r\n\r\n\t<div id=\"block_ac14e82f3e7a1bb94b3a9bcbe92cd1c4\" class=\"background container--vertical background-color--none page-width\">\r\n\t\t<!-- Image Error (Could not load $image) -->\t\t<div class=\"background__inner-container\">\r\n\t\t\t\n\r\n<div id=\"block_9a8137bffb02e36a3da1ebc9c07b7d1c\" class=\"paragraph paragraph--default align-left page-width\">\r\n\t\t\t<div class=\"paragraph__inner-container\">\r\n\t\t\t\t\t<h2 class=\"paragraph__title\">6. Effets globaux<\/h2>\r\n\t\t\t\t\t\t\t<div class=\"paragraph__text\"><p>Soutenir l\u2019Universit\u00e9 de Bethl\u00e9em ne consiste pas seulement \u00e0 aider une seule institution ; il s&#039;agit d&#039;avoir un impact mondial. L\u2019\u00e9ducation est un outil universellement reconnu pour un changement positif. En soutenant l\u2019\u00e9ducation dans les r\u00e9gions confront\u00e9es \u00e0 des d\u00e9fis, vous contribuez \u00e0 un monde plus interconnect\u00e9, plus \u00e9duqu\u00e9 et plus empathique.<\/p>\n<\/div>\r\n\t\t\t\t\t<\/div>\r\n<\/div>\n\r\n\t\t<\/div>\r\n\t<\/div>\r\n\r\n\n\n\n<hr class=\"wp-block-separator has-alpha-channel-opacity\"\/>\n\n\n\n<div style=\"height:30px\" aria-hidden=\"true\" class=\"wp-block-spacer\"><\/div>\n\n\n\r\n<div id=\"block_d28d79471a969b76887670d2c1c960bf\" class=\"paragraph paragraph--cta align-center page-width\">\r\n\t\t\t<div class=\"paragraph__inner-container\">\r\n\t\t\t\t\t\t\t<div class=\"paragraph__text\"><p>En fin de compte, contribuer \u00e0 la Fondation de l\u2019Universit\u00e9 de Bethl\u00e9em ne consiste pas seulement \u00e0 donner \u00e0 une institution ; il s&#039;agit d&#039;investir dans l&#039;avenir, d&#039;autonomiser les individus et de cr\u00e9er un effet d&#039;entra\u00eenement de changement positif dans la vie des futurs dirigeants. <\/p>\n<\/div>\r\n\t\t\t\t\t<\/div>\r\n<\/div>","protected":false},"excerpt":{"rendered":"","protected":false},"author":1,"featured_media":0,"parent":0,"menu_order":0,"comment_status":"closed","ping_status":"closed","template":"","meta":{"_acf_changed":false,"inline_featured_image":false,"footnotes":""},"class_list":["post-1970","page","type-page","status-publish","hentry"],"acf":[],"_links":{"self":[{"href":"https:\/\/bufusa.org\/fr\/wp-json\/wp\/v2\/pages\/1970","targetHints":{"allow":["GET"]}}],"collection":[{"href":"https:\/\/bufusa.org\/fr\/wp-json\/wp\/v2\/pages"}],"about":[{"href":"https:\/\/bufusa.org\/fr\/wp-json\/wp\/v2\/types\/page"}],"author":[{"embeddable":true,"href":"https:\/\/bufusa.org\/fr\/wp-json\/wp\/v2\/users\/1"}],"replies":[{"embeddable":true,"href":"https:\/\/bufusa.org\/fr\/wp-json\/wp\/v2\/comments?post=1970"}],"version-history":[{"count":8,"href":"https:\/\/bufusa.org\/fr\/wp-json\/wp\/v2\/pages\/1970\/revisions"}],"predecessor-version":[{"id":1979,"href":"https:\/\/bufusa.org\/fr\/wp-json\/wp\/v2\/pages\/1970\/revisions\/1979"}],"wp:attachment":[{"href":"https:\/\/bufusa.org\/fr\/wp-json\/wp\/v2\/media?parent=1970"}],"curies":[{"name":"wp","href":"https:\/\/api.w.org\/{rel}","templated":true}]}}