{"id":2022,"date":"2023-11-30T16:12:18","date_gmt":"2023-11-30T16:12:18","guid":{"rendered":"https:\/\/bethlehem.i72dev.com\/?page_id=2022"},"modified":"2023-11-30T16:13:28","modified_gmt":"2023-11-30T16:13:28","slug":"support-an-established-endowed-scholarship","status":"publish","type":"page","link":"https:\/\/bufusa.org\/fr\/support-an-established-endowed-scholarship\/","title":{"rendered":"Soutenir une bourse d\u2019\u00e9tudes \u00e9tablie"},"content":{"rendered":"<div id=\"block_37ef739d828ec4be41013f1d2413fb05\" class=\"split container--horizontal split-size--50 background-color--none page-width vertical-align--middle\">\r\n\t\t<!-- Image Error (Could not load $image) -->\t\t<div class=\"split__inner-container\">\r\n\t\t\t\n\r\n<div id=\"block_67c5660ba63e19213f56cb7be3b8c2cc\" class=\"image page-width\">\r\n\t<div class=\"i72-image cover\" role=\"img\" title=\"En-t\u00eate-de-la-page-des-bourses-dot\u00e9es-1024x683\" aria-label=\"Bourses d&#039;\u00e9tudes dot\u00e9es \u00e0 la Fondation de l&#039;Universit\u00e9 de Bethl\u00e9em\" data-srcset=\"https:\/\/bufusa.org\/wp-content\/uploads\/2023\/11\/Header-for-endowed-scholarship-page-1024x683-1.jpeg 3000w 3000h,https:\/\/bufusa.org\/wp-content\/uploads\/2023\/11\/Header-for-endowed-scholarship-page-1024x683-1-300x200.jpeg 300w 200h,https:\/\/bufusa.org\/wp-content\/uploads\/2023\/11\/Header-for-endowed-scholarship-page-1024x683-1-768x512.jpeg 768w 512h,https:\/\/bufusa.org\/wp-content\/uploads\/2023\/11\/Header-for-endowed-scholarship-page-1024x683-1.jpeg 1024w 683h,https:\/\/bufusa.org\/wp-content\/uploads\/2023\/11\/Header-for-endowed-scholarship-page-1024x683-1.jpeg 1024w 683h,https:\/\/bufusa.org\/wp-content\/uploads\/2023\/11\/Header-for-endowed-scholarship-page-1024x683-1.jpeg 1024w 683h,https:\/\/bufusa.org\/wp-content\/uploads\/2023\/11\/Header-for-endowed-scholarship-page-1024x683-1-18x12.jpeg 18w 12h,https:\/\/bufusa.org\/wp-content\/uploads\/2023\/11\/Header-for-endowed-scholarship-page-1024x683-1-150x100.jpeg 150w 100h,https:\/\/bufusa.org\/wp-content\/uploads\/2023\/11\/Header-for-endowed-scholarship-page-1024x683-1.jpeg 1024w 683h,https:\/\/bufusa.org\/wp-content\/uploads\/2023\/11\/Header-for-endowed-scholarship-page-1024x683-1.jpeg 1024w 683h\" data-original-width=\"1024\" data-original-height=\"683\"><\/div><\/div>\n\n\r\n<div id=\"block_8cc4e7c8e59eee522905b9ecd606cfb1\" class=\"paragraph paragraph--cta align-left page-width\">\r\n\t\t\t<div class=\"paragraph__inner-container\">\r\n\t\t\t\t\t\t\t<div class=\"paragraph__text\"><p>Les bourses d&#039;\u00e9tudes de la Fondation de l&#039;Universit\u00e9 de Bethl\u00e9em sont des dons perp\u00e9tuels qui couvrent chaque ann\u00e9e les frais de scolarit\u00e9 des \u00e9tudiants n\u00e9cessiteux de l&#039;Universit\u00e9 de Bethl\u00e9em. En faisant un don \u00e0 une bourse d&#039;\u00e9tudes, vous faites une diff\u00e9rence nette dans la vie des \u00e9tudiants de l&#039;Universit\u00e9 de Bethl\u00e9em.<\/p>\n<\/div>\r\n\t\t\t\t\t<\/div>\r\n<\/div>\n\r\n\t\t<\/div>\r\n\t<\/div>\r\n\r\n\n\n\n<hr class=\"wp-block-separator has-alpha-channel-opacity\"\/>\n\n\n\n<div style=\"height:30px\" aria-hidden=\"true\" class=\"wp-block-spacer\"><\/div>\n\n\n\r\n<div id=\"block_fff370216bc1f6ab4ab358b069c09d6d\" class=\"wysiwyg page-width\"><p><strong>Bourse de dotation Abu-El-Walid Dajani<\/strong><br \/>\n<em>Don de Susan et de feu Hani Imam, BU&#039;77 (1954-2013)<\/em><\/p>\n<p><strong>Bourse d&#039;\u00e9tudes du groupe Al Hodaifi<\/strong><br \/>\n<em>Don de l\u2019Investment Holding Group, Doha \u2013 Qatar<\/em><\/p>\n<p><strong>Bourse d&#039;\u00e9tudes Annabel Stork<\/strong><br \/>\n<em>Don de la Moley Family Foundation, \u00c9tats-Unis<\/em><\/p>\n<p><strong>Bourse de dotation Anton J., Ilham, David, Diana et John Saca de Sacramento, Californie<\/strong><br \/>\n<em>Don de M. Anton et Mme Ilham Saca<\/em><\/p>\n<p><strong>Bourse d&#039;\u00e9tudes de l&#039;archev\u00eaque Antonio Franco<\/strong><br \/>\n<em>Don du Conseil des R\u00e9gents de l&#039;Universit\u00e9 de Bethl\u00e9em<\/em><\/p>\n<p><strong>Bourse d&#039;\u00e9tudes Beatrix Stork<\/strong><br \/>\n<em>Don de la Moley Family Foundation, \u00c9tats-Unis<\/em><\/p>\n<p><strong>Bourse d&#039;\u00e9tudes Benjamin Moley Stork<\/strong><br \/>\n<em>Don de la Moley Family Foundation, \u00c9tats-Unis<\/em><\/p>\n<p><strong>Bourse d&#039;\u00e9tudes de l&#039;\u00e9v\u00eaque Robin Leamy SM et des p\u00e8lerins catholiques de Nouvelle-Z\u00e9lande<\/strong><br \/>\n<em>Don de Mgr Robin Leamy et des p\u00e8lerins catholiques de Nouvelle-Z\u00e9lande<\/em><\/p>\n<p><strong>Bourse de dotation du fr\u00e8re Charles Henry<\/strong><br \/>\n<em>Don de la Conf\u00e9rence r\u00e9gionale des fr\u00e8res chr\u00e9tiens des \u00c9tats-Unis et de Toronto<\/em><\/p>\n<p><strong>Bourse de dotation Fr\u00e8re Cyril Litecky<\/strong><br \/>\n<em>Don des S\u0153urs de Saint-Joseph de Carondolet, Province Saint-Paul, \u00c9tats-Unis<\/em><\/p>\n<p><strong>Fr\u00e8re Jean Manuel, Bourse FSC pour \u00e9tudiants n\u00e9cessiteux<\/strong><br \/>\n<em>Don de feu M. Mario Gustav H. Toumayan<\/em><\/p>\n<p><strong>Bourse de dotation du fr\u00e8re John Johnston<\/strong><br \/>\n<em>Don de la Conf\u00e9rence r\u00e9gionale des fr\u00e8res chr\u00e9tiens des \u00c9tats-Unis et de Toronto<\/em><\/p>\n<p><strong>Bourse de dotation du fr\u00e8re Joseph Loewenstein<\/strong><br \/>\n<em>Don des Fr\u00e8res Chr\u00e9tiens De La Salle de la Province de New York et de la Communaut\u00e9 des Fr\u00e8res de l&#039;Universit\u00e9 de Bethl\u00e9em<\/em><\/p>\n<p><strong>Bourse d&#039;\u00e9tudes Fr\u00e8re Joseph Neary<\/strong><br \/>\n<em>Don de la Communaut\u00e9 des Fr\u00e8res Chr\u00e9tiens De La Salle de l&#039;Universit\u00e9 de Bethl\u00e9em<\/em><\/p>\n<p><strong>Canon Quinlan - Bourse d&#039;\u00e9tudes FOBU Olive Aid<\/strong><br \/>\n<em>Don du FOBU-UK Olive Aid Project et de la paroisse Notre-Dame de Piti\u00e9 et St. Simon Stock<\/em><br \/>\n<strong><br \/>\nBourse d&#039;\u00e9tudes Cardinal Egan<\/strong><br \/>\n<em>Don de l&#039;Ordre \u00c9questre du Saint-S\u00e9pulcre de J\u00e9rusalem \u2013 Lieutenance Est des \u00c9tats-Unis<\/em><\/p>\n<p><strong>Fonds de bourses d&#039;\u00e9tudes Cardinal Furno pour les arts<\/strong><br \/>\n<em>Don du Grand Magist\u00e8re de l&#039;Ordre Equestre du Saint-S\u00e9pulcre de J\u00e9rusalem<\/em><\/p>\n<p><strong>Fonds de bourses d&#039;\u00e9tudes Cardinal Furno pour l&#039;administration des affaires<\/strong><br \/>\n<em>Don du Grand Magist\u00e8re de l&#039;Ordre Equestre du Saint-S\u00e9pulcre de J\u00e9rusalem<\/em><\/p>\n<p><strong>Bourse d&#039;\u00e9tudes Cardinal Hume<\/strong><br \/>\n<em>Don des Amis de l&#039;Universit\u00e9 de Bethl\u00e9em en Angleterre et au Pays de Galles (FOBU-UK)<\/em><\/p>\n<p><strong>Bourse d&#039;\u00e9tudes du cardinal Pio Laghi<\/strong><br \/>\n<em>Don de Mme Florence Gregoric<\/em><\/p>\n<p><strong>Bourse d&#039;\u00e9tudes du Cardinal William Levada<\/strong><br \/>\n<em>Don de l&#039;Ordre \u00c9questre du Saint-S\u00e9pulcre de J\u00e9rusalem \u2013 Lieutenance du Nord-Ouest des \u00c9tats-Unis<\/em><i><\/i><\/p>\n<p><strong>Bourse d&#039;\u00e9tudes Carlo Cardinal Furno - Grand Magist\u00e8re<\/strong><br \/>\n<em>Don du Grand Magist\u00e8re de l&#039;Ordre Equestre du Saint-S\u00e9pulcre de J\u00e9rusalem<\/em><\/p>\n<p><strong>Bourse de dotation Caroline Moley<\/strong><br \/>\n<em>Don de la Moley Family Foundation, \u00c9tats-Unis<\/em><\/p>\n<p><strong>Bourse d&#039;\u00e9tudes Christian &amp; Irving pour l&#039;enseignement<\/strong><br \/>\n<em>Don de M. James L. Charles et Dr Hildegard E. Charles<\/em><\/p>\n<p><strong>Bourse de dotation Claire Moley<\/strong><br \/>\n<em>Don de la Moley Family Foundation, \u00c9tats-Unis<\/em><i><\/i><\/p>\n<p><strong>Bourse d&#039;\u00e9tudes Cynthia Hall<\/strong><br \/>\n<em>Don de Sir Michael et Lady Karen Hall, Lieutenance du Nord-Ouest de l&#039;EOHSJ-USA<\/em><\/p>\n<p><strong>Bourse de dotation De La Salle<\/strong><br \/>\n<em>Don de la Conf\u00e9rence r\u00e9gionale des fr\u00e8res chr\u00e9tiens des \u00c9tats-Unis et de Toronto<\/em><\/p>\n<p><strong>Bourse de dotation des Fr\u00e8res Chr\u00e9tiens De La Salle<\/strong><br \/>\n<em>Don de la Conf\u00e9rence r\u00e9gionale des fr\u00e8res chr\u00e9tiens des \u00c9tats-Unis et de Toronto<\/em><\/p>\n<p><strong>Bourse internationale de dotation des S\u0153urs Dominicaines<\/strong><br \/>\n<em>Don des S\u0153urs Dominicaines Internationales<\/em><\/p>\n<p><strong>Bourse de dotation Dr Anton Sansour<\/strong><br \/>\n<em>Don de Mme Charlene Shoen et d&#039;un groupe de g\u00e9n\u00e9reux donateurs \u00e0 la m\u00e9moire du Dr Anton Sansour<\/em><\/p>\n<p><strong>Bourse de dotation Dr Breen et Mme Betty Bland<\/strong><br \/>\n<em>Don du Dr Breen et Betty Bland<\/em><\/p>\n<p><strong>Bourse d&#039;\u00e9tudes Dr James S. Hall<\/strong><br \/>\n<em>Don de Sir Michael J. et Lady Karen M. Hall<\/em>,\u00a0<em>Lieutenance du Nord-Ouest EOHSJ-USA<\/em><i><\/i><\/p>\n<p><strong>Bourse de dotation Dr Samir Zaki et Mary J. Abu-Ghazaleh<\/strong><br \/>\n<em>Don du Dr Samir Zaki et Mary J. Abu- Ghazaleh<\/em><\/p>\n<p><strong>Bourse de dotation Edward Stork<\/strong><br \/>\n<em>Don de la Moley Family Foundation, \u00c9tats-Unis<\/em><\/p>\n<p><strong>Bourse d&#039;\u00e9tudes Eleanor Stock<\/strong><b><br \/>\n<\/b><em>Don de la Moley Family Foundation, \u00c9tats-Unis<\/em><\/p>\n<p><strong>Bourse d&#039;\u00e9tudes Eliza Moley<\/strong><br \/>\n<em>Don de la Moley Family Foundation, \u00c9tats-Unis<\/em><\/p>\n<p><strong>Bourse d&#039;\u00e9tudes Emilie &amp; Marian Nursing<\/strong><br \/>\n<em>Don du Dr Hildegard Emilie Charles et de M. James Linton Charles<\/em><\/p>\n<p><strong>Ordre \u00c9questre du Saint-S\u00e9pulcre \u2013 Bourse de la Lieutenance Belge<\/strong><br \/>\n<em>Don de l&#039;Ordre \u00c9questre du Saint-S\u00e9pulcre \u2014 Lieutenance Belge, Belgique<\/em><\/p>\n<p><strong>Bourse de gestion h\u00f4teli\u00e8re de l&#039;Ordre \u00e9questre d&#039;Angleterre et du Pays de Galles<\/strong><br \/>\n<em>Don de l&#039;Ordre \u00c9questre du Saint-S\u00e9pulcre de J\u00e9rusalem \u2013 Lieutenance d&#039;Angleterre et du Pays de Galles<\/em><\/p>\n<p><strong>Bourse d&#039;\u00e9tudes FOBU UK Olive Aid 2014<\/strong><br \/>\n<em>Don des amis de l&#039;Universit\u00e9 de Bethl\u00e9em au Royaume-Uni - Olive Aid Project<\/em><\/p>\n<p><strong>Quatri\u00e8me bourse d&#039;\u00e9tudes du Grand Magist\u00e8re<\/strong><br \/>\n<em>Don du Grand Magist\u00e8re de l&#039;Ordre Equestre du Saint-S\u00e9pulcre de J\u00e9rusalem<\/em><\/p>\n<p><strong>Amis de l&#039;Universit\u00e9 de Bethl\u00e9em - Bourse d&#039;\u00e9tudes UK Olive Aid 2016<\/strong><br \/>\n<em>Don des Amis de l&#039;Universit\u00e9 de Bethl\u00e9em au Royaume-Uni<\/em><\/p>\n<p><strong>Bourse d&#039;\u00e9tudes Georges Wick Stiftung<\/strong><br \/>\n<em>Don de la Fondation Georges Wick, Fr. Joseph Wick<\/em><\/p>\n<p><strong>Bourse d&#039;\u00e9tudes du Grand Magist\u00e8re<\/strong><br \/>\n<em>Don du Grand Magist\u00e8re de l&#039;Ordre Equestre du Saint-S\u00e9pulcre de J\u00e9rusalem<\/em><\/p>\n<p><strong>Bourse d&#039;\u00e9tudes du Grand Magist\u00e8re \u2013 Soins infirmiers<\/strong><br \/>\n<em>Don du Grand Magist\u00e8re de l&#039;Ordre Equestre du Saint-S\u00e9pulcre de J\u00e9rusalem<\/em><\/p>\n<p><strong>Grand Magist\u00e8re - Bourse de dotation EOHSJ<\/strong><br \/>\n<em>Don du Grand Magist\u00e8re de l&#039;Ordre Equestre du Saint-S\u00e9pulcre de J\u00e9rusalem<\/em><\/p>\n<p><strong>Guido A. Ord<b>sur<\/b>Bourse d&#039;\u00e9tudes ez pour les sciences biologiques<br \/>\n<\/strong><em>Don du Dr Elizabeth J. Ordonez<\/em><\/p>\n<p><strong>Bourse de dotation H. Lance Forsdick<\/strong><br \/>\n<em>Don de H. Lance Forsdick<\/em><\/p>\n<p><strong>Bourse de la Fondation Haas<\/strong><br \/>\n<em>Don de la Fondation Chuck et Ellen Haas, \u00c9tats-Unis<\/em><\/p>\n<p><strong>SEM le r\u00e9v\u00e9rend Sir Gerald F. Kicanas, DD, bourse d&#039;\u00e9tudes KC*HS<\/strong><br \/>\n<em>Don des amis de Mgr Kicanas et des Chevaliers et Dames de l&#039;EOHSJ du dioc\u00e8se de Tucson, Arizona<\/em><\/p>\n<p><strong>Bourse comm\u00e9morative Helen Sidoti<\/strong><br \/>\n<em>Don de la famille et des amis d&#039;Helen Sidoti, Londres- Royaume-Uni<\/em><\/p>\n<p><strong>Bourse comm\u00e9morative Issa et Melia Atallah<\/strong><br \/>\n<em>Don de M. et Mme Sami Atallah<\/em><\/p>\n<p><strong>Bourse de dotation Ibrahim et Jamileh Mughannam<\/strong><i><br \/>\n<em>Don des enfants d&#039;Ibrahim et Jamileh Mughannam<\/em><\/i><\/p>\n<p><strong>Bourse de dotation Jan et Gordon Forbes<\/strong><b><br \/>\n<\/b><em>Don de Pamela et Robert Mertz et des membres de l&#039;\u00e9glise congr\u00e9gationaliste de Westmoreland UCC \u00e0 Bethesda, MD<\/em><\/p>\n<p><strong>Bourse d&#039;\u00e9tudes Joanna Moley<\/strong><b><br \/>\n<\/b><em>Don de la Moley Family Foundation, \u00c9tats-Unis<\/em><\/p>\n<p><strong>Bourse d&#039;\u00e9tudes John Healy Hock<\/strong><b><br \/>\n<\/b><em>Don de la Moley Family Foundation, \u00c9tats-Unis<\/em><\/p>\n<p><strong>Bourse d&#039;\u00e9tudes John Peterson Moley<\/strong><br \/>\n<em>Don de la Moley Family Foundation, \u00c9tats-Unis<\/em><\/p>\n<p><strong>Bourse d&#039;\u00e9tudes Kate Moley<\/strong><br \/>\n<em>Don de la Moley Family Foundation, \u00c9tats-Unis<\/em><br \/>\n<strong><br \/>\nBourse d&#039;\u00e9tudes de la Fondation Ladah<\/strong><br \/>\n<em>Don de la Fondation Ladah<\/em><\/p>\n<p><strong>Bourse d&#039;\u00e9tudes Lady Anita M. Finie<\/strong><br \/>\n<em>Don de Lady Anita M. Finie, EOHSJ \u2013 Lieutenance occidentale des \u00c9tats-Unis<\/em><\/p>\n<p><strong>Bourse de dotation Lady Rose Bente Lee<\/strong><br \/>\n<em>Don de la succession de Lady Rose Bente Lee - EOHSJ - Lieutenance du Moyen-Atlantique des \u00c9tats-Unis<\/em><\/p>\n<p><strong>Bourse d&#039;\u00e9tudes Madeleine et Shehadeh Botto<\/strong><br \/>\n<em>Don de leurs enfants et petits-enfants<\/em><\/p>\n<p><strong>Bourse d&#039;\u00e9tudes Margaret Sa&#039;d<\/strong><br \/>\n<em>Don de Mme Najwa Sa&#039;d, M. Jamal Sa&#039;d et un groupe de g\u00e9n\u00e9reux donateurs<\/em><i><\/i><\/p>\n<p><strong>Bourse de dotation familiale Marjorie Galvin<\/strong><br \/>\n<em>Don de Mme Marjorie Galvin<\/em><\/p>\n<p><strong>Bourse d&#039;\u00e9tudes Mary Frances Hock<\/strong><br \/>\n<em>Don de la Moley Family Foundation, \u00c9tats-Unis<\/em><\/p>\n<p><strong>Bourse de dotation Mary Westhoff Abu-Ghazaleh<\/strong><br \/>\n<em>Don du Dr Samir Zaki et Mary J. Abu- Ghazaleh<\/em><\/p>\n<p><strong>Bourse de dotation Mohammad Al - Okar<\/strong><br \/>\n<em>Don de M. Mohammad Al-Okar, Doha- Qatar<\/em><\/p>\n<p><strong>Bourse de dotation M. Dave Stannard<\/strong><br \/>\n<em>Don de M. Dave Stannard<\/em><\/p>\n<p><strong>Bourse d&#039;\u00e9tudes M. Enrique Elsaca Saud<\/strong><br \/>\n<em>Don de Familia Elsaca Merino<\/em><\/p>\n<p><strong>Bourse de dotation M. Frank J. Bremser<\/strong><br \/>\n<em>Don de feu M. Frank J. Bremser<\/em><\/p>\n<p><strong>Bourse de dotation M. Harold et Mme Anna Mary Smith<\/strong><br \/>\n<em>Don du confr\u00e8re Dominic Smith, FSC et d&#039;un groupe de g\u00e9n\u00e9reux donateurs \u00e0 la m\u00e9moire de M. Harold et Mme Anna Mary Smith<\/em><\/p>\n<p><strong>Bourse de dotation Mme Suad Juffali<\/strong><br \/>\n<em>Don de Mme Suad Juffali, Royaume d&#039;Arabie Saoudite<\/em><\/p>\n<p><strong>Mgr. Bourse de dotation Thomas Merson<\/strong><br \/>\n<em>Don de l&#039;Ordre \u00c9questre du Saint-S\u00e9pulcre de J\u00e9rusalem \u2013 Lieutenance du Nord-Ouest des \u00c9tats-Unis<\/em><\/p>\n<p><strong>Bourse de dotation Naseem Shqueir<\/strong><br \/>\n<em>Don du Dr Adnan et de Mme Fatina Shqueir et d&#039;un groupe de g\u00e9n\u00e9reux donateurs \u00e0 la m\u00e9moire de Naseem Shqueir<\/em><\/p>\n<p><strong>Bourse d&#039;\u00e9tudes Natalia Jacir De Siman<\/strong><br \/>\n<em>Don de la Fondation de la Famille Siman<\/em><\/p>\n<p><strong>Bourse de dotation Nelly Hirmas de Elsaca<\/strong><br \/>\n<em>Don de Familia Elsaca Hirmas<\/em><\/p>\n<p><strong>Bourse de dotation Patricia Barbernitz<\/strong><br \/>\n<em>Don de la communaut\u00e9 catholique romaine St. John the Evangelist de Columbia, MD<\/em><\/p>\n<p><strong>Bourse de dotation Regina (Deik) Abu Zarur<\/strong><br \/>\n<em>Des fils et filles de Joseph et Regina Abu Zarur<\/em><\/p>\n<p><strong>Bourse de dotation Richard et Elizabeth Moley<\/strong><br \/>\n<em>Don de la Moley Family Foundation, \u00c9tats-Unis<\/em><\/p>\n<p><strong>Bourse de dotation Robert J. O&#039;Neill<\/strong><br \/>\n<em>Don de M. Robert J. O&#039;Neill, \u00c9tats-Unis<\/em><\/p>\n<p><strong>Bourse de dotation Saint Pedro Poveda<\/strong><br \/>\n<em>Membres de l&#039;Association Th\u00e9r\u00e9sienne<\/em><\/p>\n<p><strong>Bourse d&#039;\u00e9tudes Samira Al-Araj Hassassian<\/strong><br \/>\n<em>Don d&#039;un groupe de g\u00e9n\u00e9reux donateurs \u00e0 la m\u00e9moire de Samira Al-Araj Hassassian<\/em><\/p>\n<p><strong>Bourse d&#039;\u00e9tudes de la famille Siman<\/strong><br \/>\n<em>Don de la famille Siman, \u00c9tats-Unis<\/em><\/p>\n<p><strong>Bourse de dotation Sir Albert E. et Lady Lily S. Hazbun<\/strong><br \/>\n<em>Don de la famille de feu Sir Albert Hazbun<\/em><\/p>\n<p><strong>Bourse d&#039;\u00e9tudes comm\u00e9morative Sir Alfred J. Blasco<\/strong><br \/>\n<em>Don de l&#039;Ordre Equestre du Saint-S\u00e9pulcre de J\u00e9rusalem \u2013 Lieutenance du Nord des \u00c9tats-Unis<\/em><\/p>\n<p><strong>Bourse de dotation Sir James P. Miscoll<\/strong><br \/>\n<em>Don de Lady Ingeburg Miscoll et de M. et Mme John Linsenmeyer<\/em><\/p>\n<p><strong>Bourse d&#039;\u00e9tudes Sir Martin Hall<\/strong><br \/>\n<em>Don de Sir Michael J. et Lady Karen M. Hall, EOHSJ-USA Northwestern Lieutenancy<\/em><\/p>\n<p><strong>Bourse de dotation fils et filles de Joseph et Regina Abu Zarur<\/strong><br \/>\n<em>\u00c0 la m\u00e9moire de Fr\u00e8re Etienne Armand Directeur du Coll\u00e8ge Des Fr\u00e8res, Bethl\u00e9em<\/em><br \/>\n<strong><br \/>\nBourse de dotation fils et filles de Joseph et Regina Abu Zarur<\/strong><br \/>\n<em>\u00c0 la m\u00e9moire du P\u00e8re Paolo Mastrangeli, OFM, Directeur du Coll\u00e8ge Franciscain Terra Sancta Bethl\u00e9em<\/em><i><\/i><\/p>\n<p><strong>Bourse de dotation fils et filles de Joseph et Regina Abu Zarur<\/strong><b><br \/>\n<\/b><em>\u00c0 la m\u00e9moire de Joseph et Regina Abu Zarur<\/em><\/p>\n<p><strong>Bourse de dotation Stephen J. et Helen M. Flahavan<\/strong><br \/>\n<em>Don du colonel Richard S. Flahavan, KCHS<\/em><\/p>\n<p><strong>Bourse de dotation Suleiman O. Kattan et Mary J. Giacaman<\/strong><br \/>\n<em>Don de M. Anton Kattan<\/em><\/p>\n<p><strong>Bourse d&#039;\u00e9tudes Summerhayes pour les soins infirmiers<\/strong><br \/>\n<em>Don de Mme Hilary Shaw<\/em><\/p>\n<p><strong>Bourse d&#039;\u00e9tudes Summerhayes pour les \u00e9tudes religieuses<\/strong><br \/>\n<em>Don de Mme Hilary Shaw<\/em><\/p>\n<p><strong>La bourse d&#039;\u00e9tudes Alfred et Mary Graner<\/strong><br \/>\n<em>Don de Mme Alice M. Graner<\/em><\/p>\n<p><strong>Bourse d&#039;\u00e9tudes de la Soci\u00e9t\u00e9 arabe palestinienne d&#039;investissement<\/strong><br \/>\n<em>Don de la Soci\u00e9t\u00e9 Arabe Palestinienne d\u2019Investissement (APIC) \u2013 Palestine-Jordanie<\/em><\/p>\n<p><strong>Bourse d&#039;\u00e9tudes Hani Abu-Dayyeh en h\u00f4tellerie et tourisme en l&#039;honneur de M. Emil et Mme Wedad Abu-Dayyeh<\/strong><br \/>\n<em>Don de M. Hani Abu-Dayyeh<\/em><\/p>\n<p><strong>Bourse de dotation Murray F. Milne<\/strong><br \/>\n<em>Don de Sr Mary Kay Milne, OSU, J\u00e9rusalem<\/em><\/p>\n<p><strong>La bourse d&#039;\u00e9tudes Musallam et Oafa Eadeh<\/strong><br \/>\n<em>Don de M. et Mme Ed Eadeh, Australie<\/em><\/p>\n<p><strong>Bourse d&#039;\u00e9tudes des Amis de l&#039;Universit\u00e9 de Bethl\u00e9em des \u00c9mirats arabes unis<\/strong><br \/>\n<em>Don des Amis de l&#039;Universit\u00e9 de Bethl\u00e9em \u2013 \u00c9mirats Arabes Unis<\/em><\/p>\n<p><strong>Bourse d&#039;\u00e9tudes de la famille Willet<\/strong><br \/>\n<em>Don de l&#039;Ordre \u00c9questre du Saint-S\u00e9pulcre \u2013 Lieutenance du Nord-Ouest des \u00c9tats-Unis<\/em><\/p>\n<p><strong>Bourse d&#039;\u00e9tudes William Hock<\/strong><br \/>\n<em>Don de la Moley Family Foundation, \u00c9tats-Unis<\/em><\/p>\n<\/div>","protected":false},"excerpt":{"rendered":"","protected":false},"author":1,"featured_media":0,"parent":0,"menu_order":0,"comment_status":"closed","ping_status":"closed","template":"","meta":{"_acf_changed":false,"inline_featured_image":false,"footnotes":""},"class_list":["post-2022","page","type-page","status-publish","hentry"],"acf":[],"_links":{"self":[{"href":"https:\/\/bufusa.org\/fr\/wp-json\/wp\/v2\/pages\/2022","targetHints":{"allow":["GET"]}}],"collection":[{"href":"https:\/\/bufusa.org\/fr\/wp-json\/wp\/v2\/pages"}],"about":[{"href":"https:\/\/bufusa.org\/fr\/wp-json\/wp\/v2\/types\/page"}],"author":[{"embeddable":true,"href":"https:\/\/bufusa.org\/fr\/wp-json\/wp\/v2\/users\/1"}],"replies":[{"embeddable":true,"href":"https:\/\/bufusa.org\/fr\/wp-json\/wp\/v2\/comments?post=2022"}],"version-history":[{"count":8,"href":"https:\/\/bufusa.org\/fr\/wp-json\/wp\/v2\/pages\/2022\/revisions"}],"predecessor-version":[{"id":2031,"href":"https:\/\/bufusa.org\/fr\/wp-json\/wp\/v2\/pages\/2022\/revisions\/2031"}],"wp:attachment":[{"href":"https:\/\/bufusa.org\/fr\/wp-json\/wp\/v2\/media?parent=2022"}],"curies":[{"name":"wp","href":"https:\/\/api.w.org\/{rel}","templated":true}]}}