{"id":6745,"date":"2024-05-22T15:22:54","date_gmt":"2024-05-22T19:22:54","guid":{"rendered":"https:\/\/bufusa.org\/?page_id=6745"},"modified":"2024-05-22T16:23:33","modified_gmt":"2024-05-22T20:23:33","slug":"matchinggifts","status":"publish","type":"page","link":"https:\/\/bufusa.org\/fr\/matchinggifts\/","title":{"rendered":"Matching Gifts"},"content":{"rendered":"<div id=\"block_11e2db21cfba5314724ba88a0b29d655\" class=\"background container--vertical background-color--0061AA page-width\">\r\n\t\t<!-- Image Error (Could not load $image) -->\t\t<div class=\"background__inner-container\">\r\n\t\t\t\n\r\n\r\n\t<div id=\"block_ffa97a6dbd8648fc30515b1ded46c967\" class=\"split container--horizontal split-size--50 background-color--none page-width vertical-align--top\">\r\n\t\t<!-- Image Error (Could not load $image) -->\t\t<div class=\"split__inner-container\">\r\n\t\t\t\n\r\n<div id=\"block_b39584a74352f92593dd1fdaca9ccfc8\" class=\"paragraph paragraph--default align-left page-width\">\r\n\t\t\t<div class=\"paragraph__inner-container\">\r\n\t\t\t\t\t\t\t<div class=\"paragraph__text\"><h2>Make Your Gift Go Further<\/h2>\n<div class=\"paragraph__text\">\n<h5><span style=\"color: #000080\">Matching gift programs are a tremendous opportunity to double, or even triple, the impact of your gift!<\/span><\/h5>\n<p>Many employers sponsor matching gift programs and will match any charitable contributions made by their employees to Bethlehem University Foundation.<\/p>\n<p>Some companies match gifts made by retirees and\/or spouses, so don\u2019t forget to check your spouse\u2019s employer as well!<\/p>\n<p><span style=\"color: #000080\"><em>Find out if your company has a matching gift program.<\/em><\/span><\/p>\n<\/div>\n<\/div>\r\n\t\t\t\t\t<\/div>\r\n<\/div>\n\n\r\n<div id=\"block_f508d0b75f2939404cf1780b1ec5b778\" class=\"image page-width\">\r\n\t<div class=\"i72-image cover\" role=\"img\" title=\"DSC_0489\" aria-label=\"\" data-srcset=\"https:\/\/bufusa.org\/wp-content\/uploads\/2023\/11\/DSC_0489-scaled.jpeg 3000w 3000h,https:\/\/bufusa.org\/wp-content\/uploads\/2023\/11\/DSC_0489-300x200.jpeg 300w 200h,https:\/\/bufusa.org\/wp-content\/uploads\/2023\/11\/DSC_0489-768x512.jpeg 768w 512h,https:\/\/bufusa.org\/wp-content\/uploads\/2023\/11\/DSC_0489-1024x683.jpeg 1024w 683h,https:\/\/bufusa.org\/wp-content\/uploads\/2023\/11\/DSC_0489-1536x1024.jpeg 1536w 1024h,https:\/\/bufusa.org\/wp-content\/uploads\/2023\/11\/DSC_0489-2048x1365.jpeg 2048w 1365h,https:\/\/bufusa.org\/wp-content\/uploads\/2023\/11\/DSC_0489-18x12.jpeg 18w 12h,https:\/\/bufusa.org\/wp-content\/uploads\/2023\/11\/DSC_0489-150x100.jpeg 150w 100h,https:\/\/bufusa.org\/wp-content\/uploads\/2023\/11\/DSC_0489-1280x853.jpeg 1280w 853h,https:\/\/bufusa.org\/wp-content\/uploads\/2023\/11\/DSC_0489-2560x1707.jpeg 2560w 1707h\" data-original-width=\"2560\" data-original-height=\"1707\"><\/div><\/div>\n\r\n\t\t<\/div>\r\n\t<\/div>\r\n\r\n\n\r\n\t\t<\/div>\r\n\t<\/div>\r\n\r\n\n\n\r\n\r\n\t<div id=\"block_c4c90b50cade3371b867668885588646\" class=\"background container--vertical background-color--F5F6F7 page-width\">\r\n\t\t<!-- Image Error (Could not load $image) -->\t\t<div class=\"background__inner-container\">\r\n\t\t\t\n\n\n<script>var DDCONF = { API_KEY: \"c0132zUMvMzzNybG\" };<\/script> <script src=\"https:\/\/doublethedonation.com\/api\/js\/ddplugin.js\"><\/script>\n<div id=\"dd-container\"><a href=\"https:\/\/doublethedonation.com\/matching-grant-resources\/matching-gift-basics\/\">Matching Gift<\/a> and <a href=\"https:\/\/doublethedonation.com\/matching-grant-resources\/volunteer-grant-basics\/\">Volunteer Grant<\/a> information provided by\n<a href=\"https:\/\/doublethedonation.com\"><img decoding=\"async\" src=\"https:\/\/doublethedonation.com\/api\/img\/powered-by.png\" alt=\"Powered by Double the Donation\" \/><\/a><\/div>\n\n\n\n<div style=\"height:36px\" aria-hidden=\"true\" class=\"wp-block-spacer\"><\/div>\n\n\n\r\n<div id=\"block_91822697f0c200ea6479f92dda8e536a\" class=\"paragraph paragraph--default align-left page-width\">\r\n\t\t\t<div class=\"paragraph__inner-container\">\r\n\t\t\t\t\t\t\t<div class=\"paragraph__text\"><p>Search your employer\u2019s name in the matching gifts database above. If it\u2019s listed, simply click the corresponding link to your employer\u2019s online matching gift form.<\/p>\n<p>If no link is provided, request a form from your employer, complete the employee portion as directed, and send it to:<\/p>\n<p>Fondation de l&#039;Universit\u00e9 de Bethl\u00e9em<br \/>\n6001, chemin Ammendale, bureau 200<br \/>\nBeltsville, Maryland 20705<\/p>\n<p>240-241-4381<br \/>\ninfo@bufusa.org<\/p>\n<p>EIN: 22-3600739<\/p>\n<p>La Bethlehem University Foundation est une organisation \u00e0 but non lucratif enregistr\u00e9e aux \u00c9tats-Unis selon le type 501(c)(3) et charg\u00e9e d&#039;aider l&#039;Universit\u00e9 de Bethl\u00e9em (en Terre Sainte) \u00e0 r\u00e9aliser sa mission et \u00e0 promouvoir l&#039;Universit\u00e9 de Bethl\u00e9em aux \u00c9tats-Unis.<\/p>\n<\/div>\r\n\t\t\t\t\t<\/div>\r\n<\/div>\n\r\n\t\t<\/div>\r\n\t<\/div>","protected":false},"excerpt":{"rendered":"","protected":false},"author":1,"featured_media":0,"parent":0,"menu_order":0,"comment_status":"closed","ping_status":"closed","template":"","meta":{"_acf_changed":false,"inline_featured_image":false,"footnotes":""},"class_list":["post-6745","page","type-page","status-publish","hentry"],"acf":[],"_links":{"self":[{"href":"https:\/\/bufusa.org\/fr\/wp-json\/wp\/v2\/pages\/6745","targetHints":{"allow":["GET"]}}],"collection":[{"href":"https:\/\/bufusa.org\/fr\/wp-json\/wp\/v2\/pages"}],"about":[{"href":"https:\/\/bufusa.org\/fr\/wp-json\/wp\/v2\/types\/page"}],"author":[{"embeddable":true,"href":"https:\/\/bufusa.org\/fr\/wp-json\/wp\/v2\/users\/1"}],"replies":[{"embeddable":true,"href":"https:\/\/bufusa.org\/fr\/wp-json\/wp\/v2\/comments?post=6745"}],"version-history":[{"count":42,"href":"https:\/\/bufusa.org\/fr\/wp-json\/wp\/v2\/pages\/6745\/revisions"}],"predecessor-version":[{"id":6807,"href":"https:\/\/bufusa.org\/fr\/wp-json\/wp\/v2\/pages\/6745\/revisions\/6807"}],"wp:attachment":[{"href":"https:\/\/bufusa.org\/fr\/wp-json\/wp\/v2\/media?parent=6745"}],"curies":[{"name":"wp","href":"https:\/\/api.w.org\/{rel}","templated":true}]}}